{"id":6417,"date":"2023-09-24T11:13:59","date_gmt":"2023-09-24T09:13:59","guid":{"rendered":"https:\/\/heroesproject.eu\/?page_id=6417"},"modified":"2023-09-24T11:14:33","modified_gmt":"2023-09-24T09:14:33","slug":"erstellen-und-optimieren-sie-ihr-profil-ch","status":"publish","type":"page","link":"https:\/\/heroesproject.eu\/ro\/erstellen-und-optimieren-sie-ihr-profil-ch\/","title":{"rendered":"Erstellen und optimieren Sie Ihr Profil"},"content":{"rendered":"<p>Willkommen zu unserer Schulung zur Optimierung Ihres Profils in der HEROES-App. In diesem Tutorial f\u00fchren wir Sie durch den Prozess des Ausf\u00fcllens der erforderlichen Informationen, um ein \u00fcberzeugendes und informatives Profil zu erstellen. Wenn Sie diese Anweisungen befolgen, erh\u00f6hen Sie Ihre Chancen, potenzielle Familien\/Arbeitgebende auf sich aufmerksam zu machen und geeignete Stellen im Bereich der Betreuung oder Pflege zu finden.<\/p>\n\n\n\n<p>Los geht&#8217;s!<\/p>\n\n\n\n<p><strong>1. Auswahl eines Profilbildes<\/strong><\/p>\n\n\n\n<ul><li>W\u00e4hlen Sie ein klares und professionell aussehendes Foto.<\/li><li>Achten Sie auf eine gute Beleuchtung und darauf, dass Ihr Gesicht gut zu erkennen ist.<\/li><li>Kleiden Sie sich angemessen, um ein professionelles Bild zu vermitteln.<\/li><li>L\u00e4cheln Sie und bewahren Sie ein freundliches und zug\u00e4ngliches Auftreten.<\/li><li>Vermeiden Sie Gruppenfotos oder Bilder mit ablenkenden Hintergr\u00fcnden.&nbsp;<\/li><\/ul>\n\n\n\n<p><strong>2. Videoaufnahme<\/strong><\/p>\n\n\n\n<ul><li>Pr\u00e4sentieren Sie sich in einer Video- oder Audiopr\u00e4sentation von 1 Minute, um einen positiven und professionellen Eindruck bei potenziellen Familien\/Arbeitgebenden zu hinterlassen. Weitere Hinweise, wie Sie dieses Ziel erreichen k\u00f6nnen, finden Sie in unserem Training &#8220;Erstellen Sie eine beeindruckende 1-min\u00fctige Videopr\u00e4sentation f\u00fcr Ihr Profil&#8221;.<\/li><\/ul>\n\n\n\n<p><strong>3. Allgemeine Informationen<\/strong><\/p>\n\n\n\n<p><em>3.1 Geschlecht und Geburtsdatum:<\/em><\/p>\n\n\n\n<ul><li>Geben Sie genaue Angaben zu Ihrem Geschlecht und Geburtsdatum an.<\/li><\/ul>\n\n\n\n<p><em>3.2 2 Muttersprache und Fremdsprachen:<\/em><\/p>\n\n\n\n<ul><li>Geben Sie Ihre Muttersprache(n) und alle Fremdsprachen an, die Sie beherrschen (Sie k\u00f6nnen mehr als eine Sprache ausw\u00e4hlen).<\/li><\/ul>\n\n\n\n<p>3<em>.3 Standort:<\/em><\/p>\n\n\n\n<ul><li>Geben Sie Ihren aktuellen Standort an, um potenziellen Familien\/Arbeitgebenden zu helfen, Betreuungs- oder Pflegefachpersonen in ihrer N\u00e4he zu finden.<\/li><\/ul>\n\n\n\n<p>3.4 <em>Besitz eines Autos:<\/em><\/p>\n\n\n\n<ul><li>Geben Sie an, ob Sie ein Auto besitzen, einen F\u00fchrerschein besitzen, oder ob Sie auf \u00f6ffentliche Verkehrsmittel angewiesen sind. Diese Information ist notwendig, um Ihre Verf\u00fcgbarkeit und Ihre Transportm\u00f6glichkeiten zum Wohnort der potenziellen Familie\/Person, die Arbeit gibt, zu beurteilen. Es hilft ihnen festzustellen, ob Sie problemlos zum zugewiesenen Standort pendeln k\u00f6nnen, insbesondere in F\u00e4llen, in denen \u00f6ffentliche Verkehrsmittel m\u00f6glicherweise nicht ohne weiteres verf\u00fcgbar oder bequem sind.<\/li><\/ul>\n\n\n\n<p><em>3.5 Raucher:in oder Nichtraucher:in:<\/em><\/p>\n\n\n\n<ul><li>Geben Sie an, ob Sie Raucher:in oder Nichtraucher:in sind. Diese Information ist notwendig, da einige potenzielle Familien\/Arbeitgebende m\u00f6glicherweise Pr\u00e4ferenzen in Bezug auf das Rauchen in oder um ihre H\u00e4user haben. So k\u00f6nnen sie die Bewerber:innen auf die Vorlieben und Bed\u00fcrfnisse der zu betreuenden\/pflegenden Personen abstimmen und so ein angenehmes und angemessenes Umfeld gew\u00e4hrleisten.<\/li><\/ul>\n\n\n\n<p><em>3.6 Auswahl des besten Kommunikationskanals:<\/em><\/p>\n\n\n\n<ul><li>Geben Sie Ihre bevorzugten Kommunikationskan\u00e4le an, \u00fcber die potenzielle Familien\/Arbeitgebende mit Ihnen Kontakt aufnehmen k\u00f6nnen: E-Mail, Telefon, WhatsApp und In-App-Chat.<\/li><li>Stellen Sie sicher, dass Ihre Telefonnummer korrekt ist.<\/li><li>Machen Sie sich mit der In-App-Chat-Funktion vertraut und reagieren Sie auf Nachrichten.<\/li><\/ul>\n\n\n\n<p><strong>4. Berufserfahrung<\/strong><\/p>\n\n\n\n<ul><li>Geben Sie den Bereich an, in dem Sie als Betreuungs- oder Pflegefachperson t\u00e4tig waren, und die Gesamtzahl der Jahre, die Sie in diesem Bereich gearbeitet haben.<\/li><li>Geben Sie die Art der von Ihnen betreuten\/gepflegten Personen an, mit denen Sie Erfahrung haben (z. B. \u00e4ltere Menschen, Menschen mit Behinderungen, Patient:innenen, die besondere Pflege ben\u00f6tigen).<\/li><li>Geben Sie Details zu Ihrem Bildungshintergrund an, einschliesslich aller relevanten Abschl\u00fcsse, Zertifizierungen oder Schulungen, die Sie absolviert haben.<\/li><\/ul>\n\n\n\n<p><strong>5. Berufsw\u00fcnsche<\/strong><\/p>\n\n\n\n<ul><li>Beschreiben Sie die Arten von T\u00e4tigkeiten, die Sie beherrschen und in einem Haushalt oder einer medizinischen Umgebung ausf\u00fchren k\u00f6nnen.<\/li><li>Kreuzen Sie alle Optionen an, die auf Ihre Qualifikation und Erfahrung zutreffen.<\/li><\/ul>\n\n\n\n<p><strong>6. Verf\u00fcgbarkeit f\u00fcr die Arbeit<\/strong><\/p>\n\n\n\n<ul><li>Geben Sie an, wie weit Sie bereit sind, f\u00fcr die Erbringung der Dienstleistung zum Wohnort der arbeitgebenden Familie\/Person zu reisen.<\/li><li>Geben Sie die Tageszeit an, zu der Sie zur Verf\u00fcgung stehen, Ihren Arbeitszeitplan und die Wochentage, an denen Sie verf\u00fcgbar sind.<\/li><li>Startdatum: Geben Sie an, wann Sie die Arbeit bei einer neuen arbeitgebenden Familie\/Person anfangen k\u00f6nnen.<\/li><li>Geben Sie auch an, falls Sie nach einem bestimmten Datum nicht mehr zur Verf\u00fcgung stehen (andernfalls k\u00f6nnen Sie das Feld leer lassen).<\/li><\/ul>\n\n\n\n<p><strong>7. \u00dcberpr\u00fcfen Sie Ihr Profil<\/strong><\/p>\n\n\n\n<ul><li>Bevor Sie Ihr Profil in der HEROES-App fertigstellen, ist es wichtig, alle von Ihnen bereitgestellten Informationen zu \u00fcberpr\u00fcfen.<\/li><li>Nehmen Sie sich die Zeit, um sicherzustellen, dass Ihr Profil keine Tippfehler, Irrt\u00fcmer oder fehlenden Details enth\u00e4lt.<\/li><li>Stellen Sie sicher, dass Sie alle notwendigen Informationen angegeben haben, die von der App ben\u00f6tigt werden, um Ihre Chancen zu maximieren, geeignete Stellen zu finden.<\/li><li>Stellen Sie sicher, dass Ihr Profil ein klares und koh\u00e4rentes Bild Ihrer F\u00e4higkeiten, Qualifikationen und Bestrebungen als Betreuungs- oder Pflegefachperson vermittelt.<\/li><\/ul>\n\n\n\n<p>Herzlichen Gl\u00fcckwunsch! Sie haben gelernt, wie Sie Ihr Profil in der HEROES-App optimieren k\u00f6nnen. Indem Sie die erforderlichen Informationen sorgf\u00e4ltig und genau ausf\u00fcllen, pr\u00e4sentieren Sie sich gegen\u00fcber potenziellen Familien\/Arbeitgebenden als qualifizierte und engagierte Betreuungs- oder Pflegefachperson.<\/p>\n\n\n\n<p>Denken Sie daran, Ihr Profil regelm\u00e4ssig zu aktualisieren, um eventuelle \u00c4nderungen in Bezug auf Verf\u00fcgbarkeit oder Qualifikationen zu ber\u00fccksichtigen.<\/p>\n\n\n\n<p>Viel Gl\u00fcck bei der Jobsuche!<\/p>","protected":false},"excerpt":{"rendered":"<p>Willkommen zu unserer Schulung zur Optimierung Ihres Profils in der HEROES-App. In diesem Tutorial f\u00fchren wir Sie durch den Prozess des Ausf\u00fcllens der erforderlichen Informationen, um ein \u00fcberzeugendes und informatives Profil zu erstellen. Wenn Sie diese Anweisungen befolgen, erh\u00f6hen Sie Ihre Chancen, potenzielle Familien\/Arbeitgebende auf sich aufmerksam zu machen und geeignete Stellen im Bereich der&hellip;<\/p>","protected":false},"author":3,"featured_media":0,"parent":0,"menu_order":0,"comment_status":"closed","ping_status":"closed","template":"","meta":[],"yoast_head":"<!-- This site is optimized with the Yoast SEO plugin v16.6.1 - https:\/\/yoast.com\/wordpress\/plugins\/seo\/ -->\n<title>Erstellen und optimieren Sie Ihr Profil - HEROES Project<\/title>\n<meta name=\"robots\" content=\"index, follow, max-snippet:-1, max-image-preview:large, max-video-preview:-1\" \/>\n<link rel=\"canonical\" href=\"https:\/\/heroesproject.eu\/ro\/erstellen-und-optimieren-sie-ihr-profil-ch\/\" \/>\n<meta property=\"og:locale\" content=\"ro_RO\" \/>\n<meta property=\"og:type\" content=\"article\" \/>\n<meta property=\"og:title\" content=\"Erstellen und optimieren Sie Ihr Profil - HEROES Project\" \/>\n<meta property=\"og:description\" content=\"Willkommen zu unserer Schulung zur Optimierung Ihres Profils in der HEROES-App. In diesem Tutorial f\u00fchren wir Sie durch den Prozess des Ausf\u00fcllens der erforderlichen Informationen, um ein \u00fcberzeugendes und informatives Profil zu erstellen. Wenn Sie diese Anweisungen befolgen, erh\u00f6hen Sie Ihre Chancen, potenzielle Familien\/Arbeitgebende auf sich aufmerksam zu machen und geeignete Stellen im Bereich der&hellip;\" \/>\n<meta property=\"og:url\" content=\"https:\/\/heroesproject.eu\/ro\/erstellen-und-optimieren-sie-ihr-profil-ch\/\" \/>\n<meta property=\"og:site_name\" content=\"HEROES Project\" \/>\n<meta property=\"article:modified_time\" content=\"2023-09-24T09:14:33+00:00\" \/>\n<meta name=\"twitter:card\" content=\"summary_large_image\" \/>\n<meta name=\"twitter:label1\" content=\"Timp estimat pentru citire\" \/>\n\t<meta name=\"twitter:data1\" content=\"4 minute\" \/>\n<script type=\"application\/ld+json\" class=\"yoast-schema-graph\">{\"@context\":\"https:\/\/schema.org\",\"@graph\":[{\"@type\":\"WebSite\",\"@id\":\"http:\/\/heroesproject.eu\/#website\",\"url\":\"http:\/\/heroesproject.eu\/\",\"name\":\"HEROES Project\",\"description\":\"Recruiting made easy\",\"potentialAction\":[{\"@type\":\"SearchAction\",\"target\":{\"@type\":\"EntryPoint\",\"urlTemplate\":\"http:\/\/heroesproject.eu\/?s={search_term_string}\"},\"query-input\":\"required name=search_term_string\"}],\"inLanguage\":\"ro-RO\"},{\"@type\":\"WebPage\",\"@id\":\"https:\/\/heroesproject.eu\/erstellen-und-optimieren-sie-ihr-profil-ch\/#webpage\",\"url\":\"https:\/\/heroesproject.eu\/erstellen-und-optimieren-sie-ihr-profil-ch\/\",\"name\":\"Erstellen und optimieren Sie Ihr Profil - HEROES Project\",\"isPartOf\":{\"@id\":\"http:\/\/heroesproject.eu\/#website\"},\"datePublished\":\"2023-09-24T09:13:59+00:00\",\"dateModified\":\"2023-09-24T09:14:33+00:00\",\"breadcrumb\":{\"@id\":\"https:\/\/heroesproject.eu\/erstellen-und-optimieren-sie-ihr-profil-ch\/#breadcrumb\"},\"inLanguage\":\"ro-RO\",\"potentialAction\":[{\"@type\":\"ReadAction\",\"target\":[\"https:\/\/heroesproject.eu\/erstellen-und-optimieren-sie-ihr-profil-ch\/\"]}]},{\"@type\":\"BreadcrumbList\",\"@id\":\"https:\/\/heroesproject.eu\/erstellen-und-optimieren-sie-ihr-profil-ch\/#breadcrumb\",\"itemListElement\":[{\"@type\":\"ListItem\",\"position\":1,\"name\":\"Home\",\"item\":\"https:\/\/heroesproject.eu\/\"},{\"@type\":\"ListItem\",\"position\":2,\"name\":\"Erstellen und optimieren Sie Ihr Profil\"}]}]}<\/script>\n<!-- \/ Yoast SEO plugin. -->","_links":{"self":[{"href":"https:\/\/heroesproject.eu\/ro\/wp-json\/wp\/v2\/pages\/6417"}],"collection":[{"href":"https:\/\/heroesproject.eu\/ro\/wp-json\/wp\/v2\/pages"}],"about":[{"href":"https:\/\/heroesproject.eu\/ro\/wp-json\/wp\/v2\/types\/page"}],"author":[{"embeddable":true,"href":"https:\/\/heroesproject.eu\/ro\/wp-json\/wp\/v2\/users\/3"}],"replies":[{"embeddable":true,"href":"https:\/\/heroesproject.eu\/ro\/wp-json\/wp\/v2\/comments?post=6417"}],"version-history":[{"count":1,"href":"https:\/\/heroesproject.eu\/ro\/wp-json\/wp\/v2\/pages\/6417\/revisions"}],"predecessor-version":[{"id":6418,"href":"https:\/\/heroesproject.eu\/ro\/wp-json\/wp\/v2\/pages\/6417\/revisions\/6418"}],"wp:attachment":[{"href":"https:\/\/heroesproject.eu\/ro\/wp-json\/wp\/v2\/media?parent=6417"}],"curies":[{"name":"wp","href":"https:\/\/api.w.org\/{rel}","templated":true}]}}