{"id":6365,"date":"2023-09-24T10:50:27","date_gmt":"2023-09-24T08:50:27","guid":{"rendered":"https:\/\/heroesproject.eu\/?page_id=6365"},"modified":"2023-09-24T10:53:08","modified_gmt":"2023-09-24T08:53:08","slug":"cum-aplici-la-un-loc-de-munca-si-cum-raspunzi-la-intrebari-video","status":"publish","type":"page","link":"https:\/\/heroesproject.eu\/ro\/cum-aplici-la-un-loc-de-munca-si-cum-raspunzi-la-intrebari-video\/","title":{"rendered":"Cum aplici la un loc de munc\u0103 \u0219i cum r\u0103spunzi la \u00eentreb\u0103ri video"},"content":{"rendered":"<p>Bine a\u021bi venit la cursul nostru de formare despre cum s\u0103 aplica\u021bi la un loc de munc\u0103 \u0219i s\u0103 oferi\u021bi cele mai bune r\u0103spunsuri video \u00een aplica\u021bia HEROES. \u00cen acest tutorial, v\u0103 vom ghida prin procesul de examinare a detaliilor postului, de preg\u0103tire a r\u0103spunsurilor video sau audio \u0219i de redactare a unei note personale conving\u0103toare pentru a v\u0103 spori \u0219ansele de a v\u0103 asigura oportunit\u0103\u021bi de \u00eengrijire sau de asisten\u021b\u0103 medical\u0103. Urm\u00e2nd aceste instruc\u021biuni, ve\u021bi fi bine echipat pentru a-i impresiona pe poten\u021bialii angajatori \u0219i pentru a ie\u0219i \u00een eviden\u021b\u0103 fa\u021b\u0103 de concuren\u021b\u0103.<\/p>\n\n\n\n<p>Haide\u021bi s\u0103 \u00eencepem!<\/p>\n\n\n\n<p><strong>1<\/strong><strong>.<\/strong><strong> <\/strong><strong>Revizuirea detaliilor postului<\/strong><\/p>\n\n\n\n<p><em>1.1 <\/em><em>\u00cen\u021belegerea detaliilor postului<\/em><em>:<\/em><\/p>\n\n\n\n<ul><li>Citi\u021bi cu aten\u021bie descrierea postului \u0219i cerin\u021bele furnizate de recrutor sau de familia \u00een nevoie.<\/li><li>Acorda\u021bi aten\u021bie calific\u0103rilor, abilit\u0103\u021bilor \u0219i experien\u021bei specifice pe care le caut\u0103 la un \u00eengrijitor sau o asistent\u0103 medical\u0103.<\/li><li>Lua\u021bi not\u0103 de orice instruc\u021biuni sau preferin\u021be specifice men\u021bionate \u00een anun\u021bul de angajare.<\/li><\/ul>\n\n\n\n<p><em>1.2 <\/em><em>Previzualizarea \u00eentreb\u0103rilor selectate<\/em><em>:<\/em><\/p>\n\n\n\n<ul><li>Identifica\u021bi cele trei \u00eentreb\u0103ri pe care recrutorul le-a selectat pentru ca dumneavoastr\u0103 s\u0103 r\u0103spunde\u021bi.<\/li><li>Citi\u021bi cu aten\u021bie fiecare \u00eentrebare \u0219i asigura\u021bi-v\u0103 c\u0103 a\u021bi \u00een\u021beles contextul \u0219i ce se cere.<\/li><li>Analiza\u021bi \u00eentreb\u0103rile pentru a determina punctele-cheie pe care dori\u021bi s\u0103 le aborda\u021bi \u00een r\u0103spunsurile video sau audio.<\/li><\/ul>\n\n\n\n<p><strong>2<\/strong><strong>.<\/strong><strong> <\/strong><strong>Preg\u0103tirea pentru r\u0103spunsurile audio sau video<\/strong><\/p>\n\n\n\n<p><em>2.1 <\/em><em>Structurarea r\u0103spunsurilor<\/em><em>:<\/em><\/p>\n\n\n\n<ul><li>Planifica\u021bi-v\u0103 \u0219i structura\u021bi-v\u0103 r\u0103spunsurile pentru a asigura claritatea \u0219i coeren\u021ba \u00een intervalul de timp dat.<\/li><li>Pentru fiecare \u00eentrebare, lua\u021bi \u00een considerare posibilitatea de a oferi o scurt\u0103 introducere, de a \u00eemp\u0103rt\u0103\u0219i experien\u021be relevante \u0219i de a \u00eencheia cu un rezumat concis.<\/li><\/ul>\n\n\n\n<p><em>2.2 <\/em><em>Eviden\u021bierea punctelor forte<\/em><em>:<\/em><\/p>\n\n\n\n<ul><li>Reflecta\u021bi asupra calific\u0103rilor, competen\u021belor \u0219i experien\u021belor unice care v\u0103 fac un candidat ideal pentru acest post.<\/li><li>Sublinia\u021bi modul \u00een care punctele dumneavoastr\u0103 forte se aliniaz\u0103 cu cerin\u021bele \u0219i nevoile specifice descrise \u00een descrierea postului.<\/li><\/ul>\n\n\n\n<p><em>2.3 Demonstra<\/em><em>rea experien\u021bei \u00een situa\u021bii speciale<\/em><em>:<\/em><\/p>\n\n\n\n<ul><li>Preg\u0103ti\u021bi-v\u0103 s\u0103 discuta\u021bi orice experien\u021be sau scenarii din trecut \u00een care a\u021bi gestionat cu succes situa\u021bii dificile sau cerin\u021be unice de \u00eengrijire.<\/li><li>Oferi\u021bi exemple specifice care s\u0103 pun\u0103 \u00een eviden\u021b\u0103 abilit\u0103\u021bile dvs. de rezolvare a problemelor, adaptabilitatea \u0219i dedicarea pentru a oferi \u00eengrijiri excep\u021bionale.<\/li><\/ul>\n\n\n\n<p><em>2.4 <\/em><em>Considera\u021bii tehnice pentru un r\u0103spuns audio\/video bun<\/em><\/p>\n\n\n\n<ul><li><strong>Iluminat<\/strong>: Alege\u021bi un mediu bine luminat pentru \u00eenregistrarea r\u0103spunsului dvs. video. Lumina natural\u0103 este adesea cea mai bun\u0103 op\u021biune, dar dac\u0103 acest lucru nu este posibil, asigura\u021bi-v\u0103 c\u0103 \u00eenc\u0103perea este bine luminat\u0103 cu o lumin\u0103 difuz\u0103 \u0219i bl\u00e2nd\u0103. Evita\u021bi umbrele puternice sau set\u0103rile prea \u00eentunecate.<\/li><li><strong>Fundalul<\/strong>: Selecta\u021bi un fundal curat \u0219i ne\u00eengr\u0103dit pentru videoclipul dumneavoastr\u0103. Asigura\u021bi-v\u0103 c\u0103 zona din spatele dvs. este lipsit\u0103 de distrageri \u0219i c\u0103 transmite profesionalism.<\/li><li><strong>Calitatea sunetului<\/strong>: G\u0103si\u021bi o loca\u021bie lini\u0219tit\u0103 pentru a v\u0103 \u00eenregistra r\u0103spunsul video. Evita\u021bi mediile zgomotoase \u0219i asigura\u021bi-v\u0103 c\u0103 exist\u0103 un zgomot de fond minim. Testa\u021bi-v\u0103 microfonul sau echipamentul de \u00eenregistrare audio pentru a v\u0103 asigura c\u0103 sunetul este clar \u0219i audibil.<\/li><li><strong>Amplasarea camerei:<\/strong> Pozi\u021biona\u021bi camera sau dispozitivul la nivelul ochilor. Acest lucru creeaz\u0103 o perspectiv\u0103 mai atr\u0103g\u0103toare \u0219i mai natural\u0103 pentru privitor. Evita\u021bi s\u0103 \u00eenclina\u021bi camera prea sus sau prea jos, deoarece poate crea un unghi nepl\u0103cut sau inconfortabil.<\/li><li><strong>\u00cencadrarea:<\/strong> \u00cencadra\u021bi-v\u0103 corespunz\u0103tor \u00een cadrul videoclipului. Asigura\u021bi-v\u0103 c\u0103 fa\u021ba \u0219i partea superioar\u0103 a corpului sunt vizibile, permi\u021b\u00e2nd privitorului s\u0103 v\u0103 vad\u0103 expresiile \u0219i limbajul corpului. Evita\u021bi spa\u021biul excesiv pentru cap sau t\u0103ierea unor p\u0103r\u021bi ale fe\u021bei dumneavoastr\u0103.<\/li><\/ul>\n\n\n\n<p><strong>Prezentare:<\/strong> \u00cembr\u0103ca\u021bi-v\u0103 profesional \u0219i p\u0103stra\u021bi un aspect curat \u0219i prezentabil. P\u0103stra\u021bi contactul vizual cu camera pentru a stabili o conexiune cu privitorul. Vorbi\u021bi clar \u0219i cu \u00eencredere, subliniind punctele cheie.<\/p>\n\n\n\n<p><strong>3<\/strong><strong>.<\/strong><strong> <\/strong><strong>Elaborarea unei note personale<\/strong><\/p>\n\n\n\n<p><em>3.1 <\/em><em>Importan\u021ba unei note personale<\/em><em>:<\/em><\/p>\n\n\n\n<ul><li>\u00cen\u021belege\u021bi semnifica\u021bia notei personale ca o ultim\u0103 ocazie de a l\u0103sa o impresie pozitiv\u0103 asupra recrutorului.<\/li><li>Folosi\u021bi aceast\u0103 sec\u021biune pentru a v\u0103 exprima interesul sincer, entuziasmul \u0219i angajamentul fa\u021b\u0103 de postul de \u00eengrijitor sau de infirmier.<\/li><\/ul>\n\n\n\n<p><em>3.2 Redactarea unei note personale captivante:<\/em><\/p>\n\n\n\n<ul><li>Men\u021bine\u021bi nota personal\u0103 concis\u0103 \u0219i la obiect, dar asigura\u021bi-v\u0103 c\u0103 transmite personalitatea \u0219i dorin\u021ba dumneavoastr\u0103 de a ocupa postul.<\/li><li>Exprima\u021bi-v\u0103 recuno\u0219tin\u021ba pentru oportunitatea de a aplica \u0219i men\u021biona\u021bi pe scurt de ce crede\u021bi c\u0103 sunte\u021bi candidatul ideal.<\/li><li>Eviden\u021bia\u021bi motiva\u021bia, compasiunea \u0219i dedicarea dvs. pentru a oferi o \u00eengrijire excep\u021bional\u0103.<\/li><\/ul>\n\n\n\n<p><strong>Example:<\/strong><\/p>\n\n\n\n<p><em>&#8220;Sunt un \u00eengrijitor\/asistent\u0103 medical\u0103\/\u00eengrijitor cu experien\u021b\u0103 \u0219i plin de compasiune, dedicat(\u0103) s\u0103 ofer cel mai \u00eenalt nivel de \u00eengrijire persoanelor aflate \u00een nevoie. Sunt \u00eenc\u00e2ntat\u0103 de oportunitatea de a contribui cu abilit\u0103\u021bile mele \u0219i de a avea un impact pozitiv asupra vie\u021bii celor pe care \u00eei servesc. V\u0103 mul\u021bumesc c\u0103 a\u021bi luat \u00een considerare candidatura mea!&#8221;<\/em><em><\/em><\/p>\n\n\n\n<p>Felicit\u0103ri! A\u021bi \u00eenv\u0103\u021bat cum s\u0103 aplica\u021bi la un loc de munc\u0103 \u0219i s\u0103 oferi\u021bi cele mai bune r\u0103spunsuri video \u00een aplica\u021bia HEROES. Analiz\u00e2nd cu aten\u021bie detaliile postului, preg\u0103tind r\u0103spunsuri video sau audio bine g\u00e2ndite \u0219i elabor\u00e2nd o not\u0103 personal\u0103 atr\u0103g\u0103toare, v\u0103 ve\u021bi cre\u0219te semnificativ \u0219ansele de a ob\u021bine posturi de \u00eengrijitor sau de infirmier. Nu uita\u021bi s\u0103 v\u0103 prezenta\u021bi calific\u0103rile, s\u0103 eviden\u021bia\u021bi experien\u021bele relevante \u0219i s\u0103 v\u0103 demonstra\u021bi pasiunea pentru \u00eengrijirea sau asisten\u021ba medical\u0103.<\/p>\n\n\n\n<p>Mult succes \u00een aplica\u021biile dumneavoastr\u0103 pentru locuri de munc\u0103!<\/p>","protected":false},"excerpt":{"rendered":"<p>Bine a\u021bi venit la cursul nostru de formare despre cum s\u0103 aplica\u021bi la un loc de munc\u0103 \u0219i s\u0103 oferi\u021bi cele mai bune r\u0103spunsuri video \u00een aplica\u021bia HEROES. \u00cen acest tutorial, v\u0103 vom ghida prin procesul de examinare a detaliilor postului, de preg\u0103tire a r\u0103spunsurilor video sau audio \u0219i de redactare a unei note personale&hellip;<\/p>","protected":false},"author":3,"featured_media":0,"parent":0,"menu_order":0,"comment_status":"closed","ping_status":"closed","template":"","meta":[],"yoast_head":"<!-- This site is optimized with the Yoast SEO plugin v16.6.1 - https:\/\/yoast.com\/wordpress\/plugins\/seo\/ -->\n<title>Cum aplici la un loc de munc\u0103 \u0219i cum r\u0103spunzi la \u00eentreb\u0103ri video - HEROES Project<\/title>\n<meta name=\"robots\" content=\"index, follow, max-snippet:-1, max-image-preview:large, max-video-preview:-1\" \/>\n<link rel=\"canonical\" href=\"https:\/\/heroesproject.eu\/ro\/cum-aplici-la-un-loc-de-munca-si-cum-raspunzi-la-intrebari-video\/\" \/>\n<meta property=\"og:locale\" content=\"ro_RO\" \/>\n<meta property=\"og:type\" content=\"article\" \/>\n<meta property=\"og:title\" content=\"Cum aplici la un loc de munc\u0103 \u0219i cum r\u0103spunzi la \u00eentreb\u0103ri video - HEROES Project\" \/>\n<meta property=\"og:description\" content=\"Bine a\u021bi venit la cursul nostru de formare despre cum s\u0103 aplica\u021bi la un loc de munc\u0103 \u0219i s\u0103 oferi\u021bi cele mai bune r\u0103spunsuri video \u00een aplica\u021bia HEROES. \u00cen acest tutorial, v\u0103 vom ghida prin procesul de examinare a detaliilor postului, de preg\u0103tire a r\u0103spunsurilor video sau audio \u0219i de redactare a unei note personale&hellip;\" \/>\n<meta property=\"og:url\" content=\"https:\/\/heroesproject.eu\/ro\/cum-aplici-la-un-loc-de-munca-si-cum-raspunzi-la-intrebari-video\/\" \/>\n<meta property=\"og:site_name\" content=\"HEROES Project\" \/>\n<meta property=\"article:modified_time\" content=\"2023-09-24T08:53:08+00:00\" \/>\n<meta name=\"twitter:card\" content=\"summary_large_image\" \/>\n<meta name=\"twitter:label1\" content=\"Timp estimat pentru citire\" \/>\n\t<meta name=\"twitter:data1\" content=\"4 minute\" \/>\n<script type=\"application\/ld+json\" class=\"yoast-schema-graph\">{\"@context\":\"https:\/\/schema.org\",\"@graph\":[{\"@type\":\"WebSite\",\"@id\":\"http:\/\/heroesproject.eu\/#website\",\"url\":\"http:\/\/heroesproject.eu\/\",\"name\":\"HEROES Project\",\"description\":\"Recruiting made easy\",\"potentialAction\":[{\"@type\":\"SearchAction\",\"target\":{\"@type\":\"EntryPoint\",\"urlTemplate\":\"http:\/\/heroesproject.eu\/?s={search_term_string}\"},\"query-input\":\"required name=search_term_string\"}],\"inLanguage\":\"ro-RO\"},{\"@type\":\"WebPage\",\"@id\":\"https:\/\/heroesproject.eu\/cum-aplici-la-un-loc-de-munca-si-cum-raspunzi-la-intrebari-video\/#webpage\",\"url\":\"https:\/\/heroesproject.eu\/cum-aplici-la-un-loc-de-munca-si-cum-raspunzi-la-intrebari-video\/\",\"name\":\"Cum aplici la un loc de munc\\u0103 \\u0219i cum r\\u0103spunzi la \\u00eentreb\\u0103ri video - HEROES Project\",\"isPartOf\":{\"@id\":\"http:\/\/heroesproject.eu\/#website\"},\"datePublished\":\"2023-09-24T08:50:27+00:00\",\"dateModified\":\"2023-09-24T08:53:08+00:00\",\"breadcrumb\":{\"@id\":\"https:\/\/heroesproject.eu\/cum-aplici-la-un-loc-de-munca-si-cum-raspunzi-la-intrebari-video\/#breadcrumb\"},\"inLanguage\":\"ro-RO\",\"potentialAction\":[{\"@type\":\"ReadAction\",\"target\":[\"https:\/\/heroesproject.eu\/cum-aplici-la-un-loc-de-munca-si-cum-raspunzi-la-intrebari-video\/\"]}]},{\"@type\":\"BreadcrumbList\",\"@id\":\"https:\/\/heroesproject.eu\/cum-aplici-la-un-loc-de-munca-si-cum-raspunzi-la-intrebari-video\/#breadcrumb\",\"itemListElement\":[{\"@type\":\"ListItem\",\"position\":1,\"name\":\"Home\",\"item\":\"https:\/\/heroesproject.eu\/\"},{\"@type\":\"ListItem\",\"position\":2,\"name\":\"Cum aplici la un loc de munc\\u0103 \\u0219i cum r\\u0103spunzi la \\u00eentreb\\u0103ri video\"}]}]}<\/script>\n<!-- \/ Yoast SEO plugin. -->","_links":{"self":[{"href":"https:\/\/heroesproject.eu\/ro\/wp-json\/wp\/v2\/pages\/6365"}],"collection":[{"href":"https:\/\/heroesproject.eu\/ro\/wp-json\/wp\/v2\/pages"}],"about":[{"href":"https:\/\/heroesproject.eu\/ro\/wp-json\/wp\/v2\/types\/page"}],"author":[{"embeddable":true,"href":"https:\/\/heroesproject.eu\/ro\/wp-json\/wp\/v2\/users\/3"}],"replies":[{"embeddable":true,"href":"https:\/\/heroesproject.eu\/ro\/wp-json\/wp\/v2\/comments?post=6365"}],"version-history":[{"count":2,"href":"https:\/\/heroesproject.eu\/ro\/wp-json\/wp\/v2\/pages\/6365\/revisions"}],"predecessor-version":[{"id":6368,"href":"https:\/\/heroesproject.eu\/ro\/wp-json\/wp\/v2\/pages\/6365\/revisions\/6368"}],"wp:attachment":[{"href":"https:\/\/heroesproject.eu\/ro\/wp-json\/wp\/v2\/media?parent=6365"}],"curies":[{"name":"wp","href":"https:\/\/api.w.org\/{rel}","templated":true}]}}