{"id":6363,"date":"2023-09-24T10:49:20","date_gmt":"2023-09-24T08:49:20","guid":{"rendered":"https:\/\/heroesproject.eu\/?page_id=6363"},"modified":"2023-09-24T10:49:21","modified_gmt":"2023-09-24T08:49:21","slug":"crearea-unei-prezentari-video-de-impact-pentru-profilul-dvs","status":"publish","type":"page","link":"https:\/\/heroesproject.eu\/ro\/crearea-unei-prezentari-video-de-impact-pentru-profilul-dvs\/","title":{"rendered":"Crearea unei prezent\u0103ri video de impact pentru profilul dvs."},"content":{"rendered":"<p>Bine a\u021bi venit la cursul nostru de formare despre cum s\u0103 v\u0103 prezenta\u021bi eficient \u00eentr-o prezentare video de 1 minut. \u00cen acest tutorial, v\u0103 vom ghida \u00een procesul de creare a unei prezent\u0103ri video sau audio impresionante pentru profilul dvs. pe platforma noastr\u0103 de recrutare HEROES dedicat\u0103 \u00eengrijitorilor \u0219i asisten\u021bilor medicali. Urm\u00e2nd aceste linii directoare, ve\u021bi putea s\u0103 v\u0103 prezenta\u021bi abilit\u0103\u021bile, calific\u0103rile \u0219i personalitatea \u00een fa\u021ba poten\u021bialelor familii care caut\u0103 candidatul perfect.<\/p>\n\n\n\n<p>Haide\u021bi s\u0103 \u00eencepem!<\/p>\n\n\n\n<p><strong>1<\/strong><strong>.<\/strong><strong> <\/strong><strong>Planificarea prezent\u0103rii<\/strong><\/p>\n\n\n\n<p><em>1.1 <\/em><em>Definirea obiectivelor<\/em><em>:<\/em><\/p>\n\n\n\n<ul><li>Identifica\u021bi \u00een mod clar scopul prezent\u0103rii dvs. video.<\/li><li>Eviden\u021bia\u021bi punctele forte, experien\u021bele \u0219i calit\u0103\u021bile dvs. cheie care v\u0103 fac un candidat potrivit pentru posturi de \u00eengrijitor sau de infirmier.<\/li><li>Lua\u021bi \u00een considerare nevoile \u0219i preferin\u021bele poten\u021bialelor familii care caut\u0103 un \u00eengrijitor pentru ele sau pentru o persoan\u0103 drag\u0103.<\/li><\/ul>\n\n\n\n<p><em>1.2 Structu<\/em><em>rarea prezent\u0103rii<\/em><em>:<\/em><\/p>\n\n\n\n<ul><li>\u00cencepe\u021bi cu o scurt\u0103 introducere despre dumneavoastr\u0103, inclusiv numele, calific\u0103rile \u0219i experien\u021ba dumneavoastr\u0103.<\/li><li>Descrie\u021bi abilit\u0103\u021bile \u0219i expertiza dumneavoastr\u0103 relevante pentru rolul de \u00eengrijitor sau de infirmier.<\/li><li>\u00cemp\u0103rt\u0103\u0219i\u021bi orice certific\u0103ri, specializ\u0103ri sau cursuri de formare suplimentare pe care le-a\u021bi absolvit.<\/li><li>Discuta\u021bi despre pasiunea dvs. pentru \u00eengrijirea de persoane \u0219i despre dedicarea dvs. pentru a oferi \u00eengrijire excep\u021bional\u0103.<\/li><li>\u00cencheia\u021bi cu o declara\u021bie final\u0103 puternic\u0103, rezum\u00e2nd punctele forte \u0219i exprim\u00e2ndu-v\u0103 entuziasmul pentru aceast\u0103 oportunitate.<\/li><\/ul>\n\n\n\n<p><strong>Example:<\/strong><\/p>\n\n\n\n<p><em>&#8220;Bun\u0103 ziua, numele meu este <\/em><em>Maria<\/em><em>. Sunt o \u00eengrijitoare dedicat\u0103, cu 5 ani de experien\u021b\u0103 \u00een furnizarea de<\/em><em> servicii de <\/em><em>&nbsp;\u00eengrijire <\/em><em>pentru<\/em><em> persoane<\/em><em>e<\/em><em> \u00een v\u00e2rst\u0103.<\/em><em><\/em><\/p>\n\n\n\n<p><em>Posed o gam\u0103 larg\u0103 de abilit\u0103\u021bi care m\u0103 fac potrivit\u0103 pentru acest rol. Sunt priceput\u0103 \u00een <\/em><em>sprijinirea beneficiarilor pentru<\/em><em> activit\u0103\u021bil<\/em><em>e<\/em><em> zilnice, cum ar fi \u00eemb\u0103ierea, \u00eembr\u0103carea \u0219i gestionarea medicamentelor. \u00cen plus, am experien\u021b\u0103 \u00een lucrul cu diferite echipamente de asisten\u021b\u0103, cum ar fi scaune cu rotile, umbl\u0103toare \u0219i paturi speciale, pentru a sprijini persoanele cu probleme de mobilitate.<\/em><em><\/em><\/p>\n\n\n\n<p><em>De\u021bin o <\/em><em>certificare<\/em><em> de \u00eengrijitor la domiciliu, inclusiv <\/em><em>o diplom\u0103<\/em><em> de resuscitare cardio-respiratorie \u0219i prim ajutor. De asemenea, am absolvit cursuri de formare \u00een rela\u021bia cu persoanele cu demen\u021b\u0103, ceea ce \u00eemi permite s\u0103 ofer \u00eengrijire specializat\u0103 persoanelor cu nevoi unice.<\/em><em><\/em><\/p>\n\n\n\n<p><em>\u00cengrijirea nu este doar o slujb\u0103 pentru mine, ci este pasiunea mea. Cred \u00een oferirea unei \u00eengrijiri personalizate \u0219i empatice pentru a \u00eembun\u0103t\u0103\u021bi calitatea vie\u021bii tuturor beneficiarilor mei. M\u0103 angajez s\u0103 le asigur \u00een permanen\u021b\u0103 siguran\u021ba, confortul \u0219i bun\u0103starea.&#8221;<\/em><em><\/em><\/p>\n\n\n\n<p>Nu uita\u021bi, acesta este doar un exemplu \u0219i \u00eel pute\u021bi personaliza \u00een func\u021bie de propriile experien\u021be, calific\u0103ri \u0219i cerin\u021bele specifice ale postului. Asigura\u021bi-v\u0103 c\u0103 v\u0103 exersa\u021bi prezentarea \u0219i c\u0103 o ajusta\u021bi pentru a se \u00eencadra \u00een intervalul de timp de 1 minut.<\/p>\n\n\n\n<p><strong>2. <\/strong><strong>\u00cenregistrarea prezent\u0103rii<\/strong><\/p>\n\n\n\n<p><em>2.1 <\/em><em>Considera\u021bii tehnice<\/em><em>:<\/em><\/p>\n\n\n\n<ul><li>Folosi\u021bi un mediu bine luminat, lini\u0219tit \u0219i curat pentru \u00eenregistrare.<\/li><li>Asigura\u021bi-v\u0103 c\u0103 fundalul nu distrage aten\u021bia \u0219i reflect\u0103 profesionalismul.<\/li><li>Testa\u021bi calitatea audio \u0219i video pentru a asigura claritatea \u0219i pentru a evita defec\u021biunile tehnice.<\/li><\/ul>\n\n\n\n<p><em>2.2 <\/em><em>Sfaturi pentru prezentare<\/em><em>:<\/em><\/p>\n\n\n\n<ul><li>\u00cembr\u0103ca\u021bi-v\u0103 profesional \u0219i p\u0103stra\u021bi un aspect curat \u0219i prezentabil.<\/li><li>Asigura\u021bi contactul vizual cu camera pentru a stabili o conexiune cu privitorul.<\/li><li>Vorbi\u021bi clar \u0219i cu \u00eencredere, subliniind punctele cheie.<\/li><li>Pune\u021bi-v\u0103 \u00een eviden\u021b\u0103 entuziasmul \u0219i pasiunea pentru \u00eengrijirea \u0219i\/sau asisten\u021ba medical\u0103.<\/li><li>Fi\u021bi concis \u0219i evita\u021bi s\u0103 divaga\u021bi sau s\u0103 v\u0103 abate\u021bi de la subiect.<\/li><li><strong>Ce NU trebuie s\u0103 spune\u021bi \u00een prezentarea dumneavoastr\u0103<\/strong><\/li><\/ul>\n\n\n\n<p>C\u00e2nd vine vorba de prezent\u0103rile de autoprezentare, este esen\u021bial s\u0103 face\u021bi o impresie pozitiv\u0103 \u0219i profesional\u0103. Iat\u0103 c\u00e2teva puncte care explic\u0103 ce ar trebui s\u0103 evita\u021bi s\u0103 spune\u021bi \u00een timpul \u00eenregistr\u0103rii video\/audio:<\/p>\n\n\n\n<p><em>3.1 <\/em><em>Comentarii negative<\/em><em>:<\/em><\/p>\n\n\n\n<ul><li>Evita\u021bi s\u0103 face\u021bi comentarii negative despre fo\u0219tii angajatori, colegi sau clien\u021bi. R\u0103m\u00e2ne\u021bi profesioni\u0219ti \u0219i concentra\u021bi-v\u0103 asupra aspectelor pozitive ale experien\u021belor dumneavoastr\u0103.<\/li><li>Ab\u021bine\u021bi-v\u0103 s\u0103 discuta\u021bi subiecte personale sau controversate care nu au leg\u0103tur\u0103 cu \u00eengrijirea sau asisten\u021ba medical\u0103.<\/li><\/ul>\n\n\n\n<p><em>3.2 <\/em><em>Detalii cople\u0219itoare<\/em><em>:<\/em><\/p>\n\n\n\n<ul><li>Evita\u021bi s\u0103 cople\u0219i\u021bi privitorul cu detalii excesive sau cu jargon tehnic. P\u0103stra\u021bi-v\u0103 prezentarea concis\u0103 \u0219i concentra\u021bi-v\u0103 asupra punctelor cheie.<\/li><li>Evita\u021bi explica\u021biile lungi sau terminologia medical\u0103 complex\u0103 care ar putea fi dificil de \u00een\u021beles pentru spectator.<\/li><\/ul>\n\n\n\n<p><em>3.3 <\/em><em>Lipsa de entuziasm<\/em><em>:<\/em><\/p>\n\n\n\n<ul><li>Fi\u021bi aten\u021bi la tonul \u0219i energia pe care le ave\u021bi pe tot parcursul prezent\u0103rii. Evita\u021bi s\u0103 p\u0103re\u021bi dezinteresat sau lipsit de entuziasm fa\u021b\u0103 de profesia de \u00eengrijitor sau de asistent medical.<\/li><li>Transmite\u021bi pasiunea \u0219i dedicarea dvs. pentru acest domeniu, deoarece acest lucru va face o impresie pozitiv\u0103 asupra poten\u021bialilor angajatori.<\/li><\/ul>\n\n\n\n<p><em>3.4 <\/em><em>Limbaj neprofesional<\/em><em>:<\/em><\/p>\n\n\n\n<ul><li>Evita\u021bi s\u0103 folosi\u021bi argoul, limbajul nepotrivit sau discursul informal. P\u0103stra\u021bi un ton profesional \u0219i respectuos pe tot parcursul prezent\u0103rii dumneavoastr\u0103.<\/li><li>Evita\u021bi limbajul ofensator sau discriminatoriu, acesta v\u0103 va descalifica pentru a fi luat \u00een considerare pentru un post.<\/li><\/ul>\n\n\n\n<p><em>3.5 <\/em><em>Lipsa de coeren\u021b\u0103<\/em><em>:<\/em><\/p>\n\n\n\n<ul><li>Asigura\u021bi-v\u0103 c\u0103 prezentarea dumneavoastr\u0103 este bine structurat\u0103 \u0219i organizat\u0103. Evita\u021bi s\u0103 divaga\u021bi sau s\u0103 v\u0103 abate\u021bi de la subiect, deoarece acest lucru poate deruta sau dezangaja privitorul.<\/li><li>Concentra\u021bi-v\u0103 asupra punctelor-cheie \u0219i men\u021bine\u021bi o prezentare clar\u0103 \u0219i concis\u0103.<\/li><\/ul>\n\n\n\n<p>Nu uita\u021bi, scopul este de a crea o impresie pozitiv\u0103 \u0219i profesional\u0103 prin intermediul prezent\u0103rii video sau audio. Evit\u00e2nd aceste capcane, v\u0103 pute\u021bi asigura c\u0103 prezentarea dvs. v\u0103 eviden\u021biaz\u0103 punctele forte, calific\u0103rile \u0219i aptitudinile pentru posturile de \u00eengrijitor sau asistent medical.<\/p>\n\n\n\n<p>Felicit\u0103ri! A\u021bi \u00eenv\u0103\u021bat cum s\u0103 crea\u021bi o prezentare video de 1 minut cu impact pentru profilul dvs. pe platforma noastr\u0103 de recrutare HEROES. Urm\u00e2nd aceste instruc\u021biuni \u0219i \u00eencorpor\u00e2nd calit\u0103\u021bile dvs. unice, v\u0103 pute\u021bi cre\u0219te \u0219ansele de a ie\u0219i \u00een eviden\u021b\u0103 \u00een fa\u021ba poten\u021bialilor angajatori.<\/p>\n\n\n\n<p>Nu uita\u021bi s\u0103 v\u0103 actualiza\u021bi \u00een mod regulat profilul \u0219i prezentarea video pentru a reflecta orice noi competen\u021be sau experien\u021be.<\/p>\n\n\n\n<p>Mult succes \u00een c\u0103utarea unui loc de munc\u0103!<\/p>","protected":false},"excerpt":{"rendered":"<p>Bine a\u021bi venit la cursul nostru de formare despre cum s\u0103 v\u0103 prezenta\u021bi eficient \u00eentr-o prezentare video de 1 minut. \u00cen acest tutorial, v\u0103 vom ghida \u00een procesul de creare a unei prezent\u0103ri video sau audio impresionante pentru profilul dvs. pe platforma noastr\u0103 de recrutare HEROES dedicat\u0103 \u00eengrijitorilor \u0219i asisten\u021bilor medicali. Urm\u00e2nd aceste linii directoare,&hellip;<\/p>","protected":false},"author":3,"featured_media":0,"parent":0,"menu_order":0,"comment_status":"closed","ping_status":"closed","template":"","meta":[],"yoast_head":"<!-- This site is optimized with the Yoast SEO plugin v16.6.1 - https:\/\/yoast.com\/wordpress\/plugins\/seo\/ -->\n<title>Crearea unei prezent\u0103ri video de impact pentru profilul dvs. - HEROES Project<\/title>\n<meta name=\"robots\" content=\"index, follow, max-snippet:-1, max-image-preview:large, max-video-preview:-1\" \/>\n<link rel=\"canonical\" href=\"https:\/\/heroesproject.eu\/ro\/crearea-unei-prezentari-video-de-impact-pentru-profilul-dvs\/\" \/>\n<meta property=\"og:locale\" content=\"ro_RO\" \/>\n<meta property=\"og:type\" content=\"article\" \/>\n<meta property=\"og:title\" content=\"Crearea unei prezent\u0103ri video de impact pentru profilul dvs. - HEROES Project\" \/>\n<meta property=\"og:description\" content=\"Bine a\u021bi venit la cursul nostru de formare despre cum s\u0103 v\u0103 prezenta\u021bi eficient \u00eentr-o prezentare video de 1 minut. \u00cen acest tutorial, v\u0103 vom ghida \u00een procesul de creare a unei prezent\u0103ri video sau audio impresionante pentru profilul dvs. pe platforma noastr\u0103 de recrutare HEROES dedicat\u0103 \u00eengrijitorilor \u0219i asisten\u021bilor medicali. Urm\u00e2nd aceste linii directoare,&hellip;\" \/>\n<meta property=\"og:url\" content=\"https:\/\/heroesproject.eu\/ro\/crearea-unei-prezentari-video-de-impact-pentru-profilul-dvs\/\" \/>\n<meta property=\"og:site_name\" content=\"HEROES Project\" \/>\n<meta property=\"article:modified_time\" content=\"2023-09-24T08:49:21+00:00\" \/>\n<meta name=\"twitter:card\" content=\"summary_large_image\" \/>\n<meta name=\"twitter:label1\" content=\"Timp estimat pentru citire\" \/>\n\t<meta name=\"twitter:data1\" content=\"4 minute\" \/>\n<script type=\"application\/ld+json\" class=\"yoast-schema-graph\">{\"@context\":\"https:\/\/schema.org\",\"@graph\":[{\"@type\":\"WebSite\",\"@id\":\"http:\/\/heroesproject.eu\/#website\",\"url\":\"http:\/\/heroesproject.eu\/\",\"name\":\"HEROES Project\",\"description\":\"Recruiting made easy\",\"potentialAction\":[{\"@type\":\"SearchAction\",\"target\":{\"@type\":\"EntryPoint\",\"urlTemplate\":\"http:\/\/heroesproject.eu\/?s={search_term_string}\"},\"query-input\":\"required name=search_term_string\"}],\"inLanguage\":\"ro-RO\"},{\"@type\":\"WebPage\",\"@id\":\"https:\/\/heroesproject.eu\/crearea-unei-prezentari-video-de-impact-pentru-profilul-dvs\/#webpage\",\"url\":\"https:\/\/heroesproject.eu\/crearea-unei-prezentari-video-de-impact-pentru-profilul-dvs\/\",\"name\":\"Crearea unei prezent\\u0103ri video de impact pentru profilul dvs. - HEROES Project\",\"isPartOf\":{\"@id\":\"http:\/\/heroesproject.eu\/#website\"},\"datePublished\":\"2023-09-24T08:49:20+00:00\",\"dateModified\":\"2023-09-24T08:49:21+00:00\",\"breadcrumb\":{\"@id\":\"https:\/\/heroesproject.eu\/crearea-unei-prezentari-video-de-impact-pentru-profilul-dvs\/#breadcrumb\"},\"inLanguage\":\"ro-RO\",\"potentialAction\":[{\"@type\":\"ReadAction\",\"target\":[\"https:\/\/heroesproject.eu\/crearea-unei-prezentari-video-de-impact-pentru-profilul-dvs\/\"]}]},{\"@type\":\"BreadcrumbList\",\"@id\":\"https:\/\/heroesproject.eu\/crearea-unei-prezentari-video-de-impact-pentru-profilul-dvs\/#breadcrumb\",\"itemListElement\":[{\"@type\":\"ListItem\",\"position\":1,\"name\":\"Home\",\"item\":\"https:\/\/heroesproject.eu\/\"},{\"@type\":\"ListItem\",\"position\":2,\"name\":\"Crearea unei prezent\\u0103ri video de impact pentru profilul dvs.\"}]}]}<\/script>\n<!-- \/ Yoast SEO plugin. -->","_links":{"self":[{"href":"https:\/\/heroesproject.eu\/ro\/wp-json\/wp\/v2\/pages\/6363"}],"collection":[{"href":"https:\/\/heroesproject.eu\/ro\/wp-json\/wp\/v2\/pages"}],"about":[{"href":"https:\/\/heroesproject.eu\/ro\/wp-json\/wp\/v2\/types\/page"}],"author":[{"embeddable":true,"href":"https:\/\/heroesproject.eu\/ro\/wp-json\/wp\/v2\/users\/3"}],"replies":[{"embeddable":true,"href":"https:\/\/heroesproject.eu\/ro\/wp-json\/wp\/v2\/comments?post=6363"}],"version-history":[{"count":1,"href":"https:\/\/heroesproject.eu\/ro\/wp-json\/wp\/v2\/pages\/6363\/revisions"}],"predecessor-version":[{"id":6364,"href":"https:\/\/heroesproject.eu\/ro\/wp-json\/wp\/v2\/pages\/6363\/revisions\/6364"}],"wp:attachment":[{"href":"https:\/\/heroesproject.eu\/ro\/wp-json\/wp\/v2\/media?parent=6363"}],"curies":[{"name":"wp","href":"https:\/\/api.w.org\/{rel}","templated":true}]}}