{"id":6361,"date":"2023-09-24T10:48:30","date_gmt":"2023-09-24T08:48:30","guid":{"rendered":"https:\/\/heroesproject.eu\/?page_id=6361"},"modified":"2023-09-24T10:48:31","modified_gmt":"2023-09-24T08:48:31","slug":"crearea-si-optimizarea-profilului-de-candidat","status":"publish","type":"page","link":"https:\/\/heroesproject.eu\/ro\/crearea-si-optimizarea-profilului-de-candidat\/","title":{"rendered":"Crearea \u0219i optimizarea profilului de Candidat"},"content":{"rendered":"<p>Bine a\u021bi venit la cursul nostru de formare privind optimizarea profilului dvs. \u00een aplica\u021bia HEROES. \u00cen acest tutorial, v\u0103 vom ghida prin procesul de completare a informa\u021biilor necesare pentru a crea un profil conving\u0103tor \u0219i informativ. Urm\u00e2nd aceste instruc\u021biuni, v\u0103 ve\u021bi cre\u0219te \u0219ansele de a atrage poten\u021biali angajatori \u0219i de a g\u0103si oportunit\u0103\u021bi adecvate in domeniul \u00eengrijirilor sau al asisten\u021bei medicale.<\/p>\n\n\n\n<p>Haide\u021bi s\u0103 \u00eencepem!<\/p>\n\n\n\n<p><strong>1.&nbsp;&nbsp;&nbsp;&nbsp;&nbsp;&nbsp; Alegerea unei imagini de profil<\/strong><\/p>\n\n\n\n<p>&#8211; Alege\u021bi o fotografie clar\u0103 \u0219i cu aspect profesional.<\/p>\n\n\n\n<p>&#8211; Folosi\u021bi o iluminare bun\u0103 \u0219i asigura\u021bi-v\u0103 c\u0103 fa\u021ba dvs. este vizibil\u0103.<\/p>\n\n\n\n<p>&#8211; \u00cembr\u0103ca\u021bi-v\u0103 corespunz\u0103tor pentru a reflecta o imagine profesional\u0103.<\/p>\n\n\n\n<p>&#8211; Z\u00e2mbi\u021bi \u0219i p\u0103stra\u021bi un comportament prietenos \u0219i abordabil.<\/p>\n\n\n\n<p>&#8211; Evita\u021bi s\u0103 folosi\u021bi fotografii de grup sau imagini cu fundaluri care distrag aten\u021bia.<\/p>\n\n\n\n<p><strong>2.&nbsp;&nbsp;&nbsp;&nbsp;&nbsp;&nbsp; \u00cenregistrarea video<\/strong><\/p>\n\n\n\n<p>&#8211; prezenta\u021bi-v\u0103 \u00eentr-o prezentare video sau audio de 1 minut pentru a crea o impresie pozitiv\u0103 \u0219i profesional\u0103 \u00een fa\u021ba poten\u021bialilor recrutori. Pentru mai multe \u00eendrum\u0103ri despre cum s\u0103 atinge\u021bi acest obiectiv, urm\u0103ri\u021bi cursul nostru de formare &#8220;Crearea unei prezent\u0103ri video de 1 minut cu impact pentru profilul dumneavoastr\u0103&#8221;.<\/p>\n\n\n\n<p><strong>3.&nbsp;&nbsp;&nbsp;&nbsp;&nbsp;&nbsp; Completarea informa\u021biilor generale<\/strong><\/p>\n\n\n\n<p><em>3.1 Sexul \u0219i data na\u0219terii:<\/em><\/p>\n\n\n\n<p>&#8211; Furniza\u021bi informa\u021bii exacte cu privire la sexul \u0219i data na\u0219terii dumneavoastr\u0103.<\/p>\n\n\n\n<p><em>3.2 Limba matern\u0103 \u0219i limbile str\u0103ine:<\/em><\/p>\n\n\n\n<p>&#8211; Preciza\u021bi limba (limbile) matern\u0103(e) \u0219i orice limb\u0103 str\u0103in\u0103 pe care o cunoa\u0219te\u021bi (pute\u021bi alege mai multe limbi str\u0103ine).<\/p>\n\n\n\n<p><em>3.3 Loca\u021bia:<\/em><\/p>\n\n\n\n<p>&#8211; Introduce\u021bi loca\u021bia dvs. actual\u0103 pentru a ajuta poten\u021bialii angajatori s\u0103 g\u0103seasc\u0103 \u00eengrijitori sau asistente medicale \u00een zona lor.<\/p>\n\n\n\n<p><em>3.4 <\/em><em>Modalitatea de transport<\/em><em>:<\/em><\/p>\n\n\n\n<p>&#8211; Indica\u021bi dac\u0103 de\u021bine\u021bi o ma\u0219in\u0103, dac\u0103 ave\u021bi sau nu permis de conducere sau dac\u0103 sunte\u021bi disponibil pentru transportul public;<\/p>\n\n\n\n<p>&#8211; Aceste informa\u021bii sunt necesare pentru a v\u0103 evalua disponibilitatea \u0219i op\u021biunile de transport c\u0103tre domiciliul beneficiarilor. Aceasta \u00eei ajut\u0103 pe recrutori s\u0103 stabileasc\u0103 dac\u0103 pute\u021bi face cu u\u0219urin\u021b\u0103 naveta p\u00e2n\u0103 la loca\u021bia repartizat\u0103, \u00een special \u00een cazurile \u00een care transportul public nu este disponibil sau convenabil.<\/p>\n\n\n\n<p><em>3.5 Fum\u0103tor sau nefum\u0103tor:<\/em><\/p>\n\n\n\n<p>&#8211; Preciza\u021bi dac\u0103 sunte\u021bi fum\u0103tor sau nefum\u0103tor.<\/p>\n\n\n\n<p>&#8211; Aceste informa\u021bii sunt necesare deoarece unele familii sau beneficiari pot avea preferin\u021be \u00een ceea ce prive\u0219te fumatul \u00een interiorul sau \u00een jurul locuin\u021bei lor. Aceasta le permite recrutorilor s\u0103 potriveasc\u0103 \u00eengrijitorii sau asisten\u021bii medicali cu preferin\u021bele \u0219i nevoile persoanelor pe care le vor \u00eengriji, asigur\u00e2nd un mediu confortabil \u0219i adecvat.<\/p>\n\n\n\n<p><em>3.6 Alegerea celui mai bun canal de comunicare<\/em><\/p>\n\n\n\n<p>&#8211; Preciza\u021bi canalul (canalele) de comunicare preferat(e) pentru ca poten\u021bialii angajatori s\u0103 v\u0103 contacteze: Email, Telefon, WhatsApp \u0219i In-App Chat.<\/p>\n\n\n\n<p>&#8211; Asigura\u021bi-v\u0103 c\u0103 num\u0103rul dvs. de telefon este corect.<\/p>\n\n\n\n<p>&#8211; Familiariza\u021bi-v\u0103 cu func\u021bia de chat \u00een aplica\u021bie \u0219i fi\u021bi receptiv la mesaje.<\/p>\n\n\n\n<p><strong>4.&nbsp;&nbsp;&nbsp;&nbsp;&nbsp;&nbsp; Experien\u021ba de munc\u0103<\/strong><\/p>\n\n\n\n<p>&#8211; Indica\u021bi domeniul \u00een care a\u021bi activat ca asistent medical sau \u00eengrijitor \u0219i num\u0103rul total de ani \u00een care a\u021bi lucrat \u00een acest domeniu.<\/p>\n\n\n\n<p>&#8211; Eviden\u021bia\u021bi tipurile de beneficiari cu care ave\u021bi experien\u021b\u0103 (de exemplu, persoane \u00een v\u00e2rst\u0103, persoane cu dizabilit\u0103\u021bi, pacien\u021bi care necesit\u0103 \u00eengrijire specializat\u0103).<\/p>\n\n\n\n<p>&#8211; Furniza\u021bi detalii despre preg\u0103tirea dumneavoastr\u0103 educa\u021bional\u0103, inclusiv orice diplome, certific\u0103ri sau cursuri de formare relevante pe care le-a\u021bi absolvit.<\/p>\n\n\n\n<p><strong>&nbsp;5. &nbsp;<\/strong><strong>&nbsp;&nbsp;&nbsp;&nbsp;&nbsp;<\/strong><strong>Aspira\u021bii profesionale<\/strong><\/p>\n\n\n\n<p>&#8211; Descrie\u021bi tipurile de activit\u0103\u021bi pe care le st\u0103p\u00e2ni\u021bi \u0219i pe care le pute\u021bi desf\u0103\u0219ura \u00een gospod\u0103rie sau \u00een mediul medical.<\/p>\n\n\n\n<p>&#8211; Bifa\u021bi toate op\u021biunile care se aplic\u0103 calific\u0103rilor \u0219i experien\u021bei dvs.<\/p>\n\n\n\n<p><strong>6.&nbsp;&nbsp;&nbsp;&nbsp;&nbsp;&nbsp; Disponibilitatea pentru munc\u0103<\/strong><\/p>\n\n\n\n<p>&#8211; Alege\u021bi distan\u021ba pe care sunte\u021bi dispus s\u0103 o parcurge\u021bi p\u00e2n\u0103 la domiciliul beneficiarului pentru prestarea serviciului<\/p>\n\n\n\n<p>&#8211; Preciza\u021bi momentul din zi \u00een care sunte\u021bi disponibil pentru a lucra, programul de lucru \u0219i zilele din s\u0103pt\u0103m\u00e2n\u0103 \u00een care ve\u021bi fi disponibil.<\/p>\n\n\n\n<p>&#8211; Data de \u00eencepere: Indica\u021bi c\u00e2nd sunte\u021bi disponibil pentru a \u00eencepe s\u0103 lucra\u021bi cu un nou angajator.<\/p>\n\n\n\n<p>&#8211; Men\u021biona\u021bi, de asemenea, dac\u0103 nu ve\u021bi fi disponibil dup\u0103 o anumit\u0103 dat\u0103, \u00een caz contrar pute\u021bi l\u0103sa c\u00e2mpul gol<\/p>\n\n\n\n<p><strong>7.&nbsp;&nbsp;&nbsp;&nbsp;&nbsp;&nbsp; Valida\u021bi-v\u0103 profilul<\/strong><\/p>\n\n\n\n<p>&#8211; \u00cenainte de a v\u0103 finaliza profilul \u00een aplica\u021bia HEROES, este esen\u021bial s\u0103 revizui\u021bi toate informa\u021biile pe care le-a\u021bi furnizat.<\/p>\n\n\n\n<p>&#8211; Aloca\u021bi-v\u0103 timp pentru a v\u0103 asigura c\u0103 nu exist\u0103 gre\u0219eli de tipar, erori sau detalii lips\u0103 \u00een profilul dvs.<\/p>\n\n\n\n<p>&#8211; Asigura\u021bi-v\u0103 c\u0103 a\u021bi furnizat toate informa\u021biile necesare cerute de aplica\u021bie pentru a v\u0103 maximiza \u0219ansele de a g\u0103si oportunit\u0103\u021bi potrivite.<\/p>\n\n\n\n<p>&#8211; Asigura\u021bi-v\u0103 c\u0103 profilul dvs. prezint\u0103 o imagine clar\u0103 \u0219i coerent\u0103 a competen\u021belor, calific\u0103rilor \u0219i aspira\u021biilor dvs. ca \u00eengrijitor sau asistent medical.<\/p>\n\n\n\n<p>Felicit\u0103ri! A\u021bi \u00eenv\u0103\u021bat cum s\u0103 v\u0103 optimiza\u021bi profilul \u00een aplica\u021bia HEROES. Complet\u00e2nd informa\u021biile solicitate cu aten\u021bie \u0219i acurate\u021be, v\u0103 ve\u021bi prezenta poten\u021bialilor angajatori ca un \u00eengrijitor sau asistent medical calificat \u0219i dedicat.<\/p>\n\n\n\n<p>Nu uita\u021bi s\u0103 v\u0103 actualiza\u021bi \u00een mod regulat profilul pentru a reflecta orice modificare a disponibilit\u0103\u021bii sau a calific\u0103rilor.<\/p>\n\n\n\n<p>Mult succes \u00een c\u0103utarea unui loc de munc\u0103!<\/p>","protected":false},"excerpt":{"rendered":"<p>Bine a\u021bi venit la cursul nostru de formare privind optimizarea profilului dvs. \u00een aplica\u021bia HEROES. \u00cen acest tutorial, v\u0103 vom ghida prin procesul de completare a informa\u021biilor necesare pentru a crea un profil conving\u0103tor \u0219i informativ. Urm\u00e2nd aceste instruc\u021biuni, v\u0103 ve\u021bi cre\u0219te \u0219ansele de a atrage poten\u021biali angajatori \u0219i de a g\u0103si oportunit\u0103\u021bi adecvate in&hellip;<\/p>","protected":false},"author":3,"featured_media":0,"parent":0,"menu_order":0,"comment_status":"closed","ping_status":"closed","template":"","meta":[],"yoast_head":"<!-- This site is optimized with the Yoast SEO plugin v16.6.1 - https:\/\/yoast.com\/wordpress\/plugins\/seo\/ -->\n<title>Crearea \u0219i optimizarea profilului de Candidat - HEROES Project<\/title>\n<meta name=\"robots\" content=\"index, follow, max-snippet:-1, max-image-preview:large, max-video-preview:-1\" \/>\n<link rel=\"canonical\" href=\"https:\/\/heroesproject.eu\/ro\/crearea-si-optimizarea-profilului-de-candidat\/\" \/>\n<meta property=\"og:locale\" content=\"ro_RO\" \/>\n<meta property=\"og:type\" content=\"article\" \/>\n<meta property=\"og:title\" content=\"Crearea \u0219i optimizarea profilului de Candidat - HEROES Project\" \/>\n<meta property=\"og:description\" content=\"Bine a\u021bi venit la cursul nostru de formare privind optimizarea profilului dvs. \u00een aplica\u021bia HEROES. \u00cen acest tutorial, v\u0103 vom ghida prin procesul de completare a informa\u021biilor necesare pentru a crea un profil conving\u0103tor \u0219i informativ. Urm\u00e2nd aceste instruc\u021biuni, v\u0103 ve\u021bi cre\u0219te \u0219ansele de a atrage poten\u021biali angajatori \u0219i de a g\u0103si oportunit\u0103\u021bi adecvate in&hellip;\" \/>\n<meta property=\"og:url\" content=\"https:\/\/heroesproject.eu\/ro\/crearea-si-optimizarea-profilului-de-candidat\/\" \/>\n<meta property=\"og:site_name\" content=\"HEROES Project\" \/>\n<meta property=\"article:modified_time\" content=\"2023-09-24T08:48:31+00:00\" \/>\n<meta name=\"twitter:card\" content=\"summary_large_image\" \/>\n<meta name=\"twitter:label1\" content=\"Timp estimat pentru citire\" \/>\n\t<meta name=\"twitter:data1\" content=\"4 minute\" \/>\n<script type=\"application\/ld+json\" class=\"yoast-schema-graph\">{\"@context\":\"https:\/\/schema.org\",\"@graph\":[{\"@type\":\"WebSite\",\"@id\":\"http:\/\/heroesproject.eu\/#website\",\"url\":\"http:\/\/heroesproject.eu\/\",\"name\":\"HEROES Project\",\"description\":\"Recruiting made easy\",\"potentialAction\":[{\"@type\":\"SearchAction\",\"target\":{\"@type\":\"EntryPoint\",\"urlTemplate\":\"http:\/\/heroesproject.eu\/?s={search_term_string}\"},\"query-input\":\"required name=search_term_string\"}],\"inLanguage\":\"ro-RO\"},{\"@type\":\"WebPage\",\"@id\":\"https:\/\/heroesproject.eu\/crearea-si-optimizarea-profilului-de-candidat\/#webpage\",\"url\":\"https:\/\/heroesproject.eu\/crearea-si-optimizarea-profilului-de-candidat\/\",\"name\":\"Crearea \\u0219i optimizarea profilului de Candidat - HEROES Project\",\"isPartOf\":{\"@id\":\"http:\/\/heroesproject.eu\/#website\"},\"datePublished\":\"2023-09-24T08:48:30+00:00\",\"dateModified\":\"2023-09-24T08:48:31+00:00\",\"breadcrumb\":{\"@id\":\"https:\/\/heroesproject.eu\/crearea-si-optimizarea-profilului-de-candidat\/#breadcrumb\"},\"inLanguage\":\"ro-RO\",\"potentialAction\":[{\"@type\":\"ReadAction\",\"target\":[\"https:\/\/heroesproject.eu\/crearea-si-optimizarea-profilului-de-candidat\/\"]}]},{\"@type\":\"BreadcrumbList\",\"@id\":\"https:\/\/heroesproject.eu\/crearea-si-optimizarea-profilului-de-candidat\/#breadcrumb\",\"itemListElement\":[{\"@type\":\"ListItem\",\"position\":1,\"name\":\"Home\",\"item\":\"https:\/\/heroesproject.eu\/\"},{\"@type\":\"ListItem\",\"position\":2,\"name\":\"Crearea \\u0219i optimizarea profilului de Candidat\"}]}]}<\/script>\n<!-- \/ Yoast SEO plugin. -->","_links":{"self":[{"href":"https:\/\/heroesproject.eu\/ro\/wp-json\/wp\/v2\/pages\/6361"}],"collection":[{"href":"https:\/\/heroesproject.eu\/ro\/wp-json\/wp\/v2\/pages"}],"about":[{"href":"https:\/\/heroesproject.eu\/ro\/wp-json\/wp\/v2\/types\/page"}],"author":[{"embeddable":true,"href":"https:\/\/heroesproject.eu\/ro\/wp-json\/wp\/v2\/users\/3"}],"replies":[{"embeddable":true,"href":"https:\/\/heroesproject.eu\/ro\/wp-json\/wp\/v2\/comments?post=6361"}],"version-history":[{"count":1,"href":"https:\/\/heroesproject.eu\/ro\/wp-json\/wp\/v2\/pages\/6361\/revisions"}],"predecessor-version":[{"id":6362,"href":"https:\/\/heroesproject.eu\/ro\/wp-json\/wp\/v2\/pages\/6361\/revisions\/6362"}],"wp:attachment":[{"href":"https:\/\/heroesproject.eu\/ro\/wp-json\/wp\/v2\/media?parent=6361"}],"curies":[{"name":"wp","href":"https:\/\/api.w.org\/{rel}","templated":true}]}}