{"id":3878,"date":"2021-07-05T12:36:41","date_gmt":"2021-07-05T10:36:41","guid":{"rendered":"http:\/\/194.242.46.38:8081\/?page_id=3878"},"modified":"2021-08-30T10:20:12","modified_gmt":"2021-08-30T08:20:12","slug":"platform","status":"publish","type":"page","link":"https:\/\/heroesproject.eu\/ro\/platform\/","title":{"rendered":"Platform\u0103"},"content":{"rendered":"<div data-elementor-type=\"wp-page\" data-elementor-id=\"3878\" class=\"elementor elementor-3878\" data-elementor-settings=\"[]\">\n\t\t\t\t\t\t\t<div class=\"elementor-section-wrap\">\n\t\t\t\t\t\t\t<section class=\"elementor-section elementor-top-section elementor-element elementor-element-c1e192b elementor-section-stretched elementor-section-height-min-height elementor-section-content-middle elementor-section-full_width elementor-section-height-default elementor-section-items-middle\" data-id=\"c1e192b\" data-element_type=\"section\" data-settings=\"{&quot;stretch_section&quot;:&quot;section-stretched&quot;,&quot;background_background&quot;:&quot;classic&quot;,&quot;background_motion_fx_motion_fx_scrolling&quot;:&quot;yes&quot;,&quot;background_motion_fx_translateY_effect&quot;:&quot;yes&quot;,&quot;background_motion_fx_translateY_speed&quot;:{&quot;unit&quot;:&quot;px&quot;,&quot;size&quot;:6.29999999999999982236431605997495353221893310546875,&quot;sizes&quot;:[]},&quot;background_motion_fx_translateY_affectedRange&quot;:{&quot;unit&quot;:&quot;%&quot;,&quot;size&quot;:&quot;&quot;,&quot;sizes&quot;:{&quot;start&quot;:0,&quot;end&quot;:100}},&quot;background_motion_fx_devices&quot;:[&quot;desktop&quot;,&quot;tablet&quot;,&quot;mobile&quot;]}\">\n\t\t\t\t\t\t\t<div class=\"elementor-background-overlay\"><\/div>\n\t\t\t\t\t\t\t<div class=\"elementor-container elementor-column-gap-default\">\n\t\t\t\t\t<div class=\"elementor-column elementor-col-100 elementor-top-column elementor-element elementor-element-4284faf\" data-id=\"4284faf\" data-element_type=\"column\">\n\t\t\t<div class=\"elementor-widget-wrap elementor-element-populated\">\n\t\t\t\t\t\t\t\t<section class=\"elementor-section elementor-inner-section elementor-element elementor-element-4d3f439 elementor-section-boxed elementor-section-height-default elementor-section-height-default\" data-id=\"4d3f439\" data-element_type=\"section\">\n\t\t\t\t\t\t<div class=\"elementor-container elementor-column-gap-wider\">\n\t\t\t\t\t<div class=\"elementor-column elementor-col-100 elementor-inner-column elementor-element elementor-element-2c985a4\" data-id=\"2c985a4\" data-element_type=\"column\">\n\t\t\t<div class=\"elementor-widget-wrap elementor-element-populated\">\n\t\t\t\t\t\t\t\t<div class=\"elementor-element elementor-element-43d8ec4 elementor-widget elementor-widget-heading\" data-id=\"43d8ec4\" data-element_type=\"widget\" data-widget_type=\"heading.default\">\n\t\t\t\t<div class=\"elementor-widget-container\">\n\t\t\t<h2 class=\"elementor-heading-title elementor-size-default\">Platform\u0103<\/h2>\t\t<\/div>\n\t\t\t\t<\/div>\n\t\t\t\t<div class=\"elementor-element elementor-element-e208111 elementor-widget elementor-widget-spacer\" data-id=\"e208111\" data-element_type=\"widget\" data-widget_type=\"spacer.default\">\n\t\t\t\t<div class=\"elementor-widget-container\">\n\t\t\t\t\t<div class=\"elementor-spacer\">\n\t\t\t<div class=\"elementor-spacer-inner\"><\/div>\n\t\t<\/div>\n\t\t\t\t<\/div>\n\t\t\t\t<\/div>\n\t\t\t\t\t<\/div>\n\t\t<\/div>\n\t\t\t\t\t\t\t<\/div>\n\t\t<\/section>\n\t\t\t\t\t<\/div>\n\t\t<\/div>\n\t\t\t\t\t\t\t<\/div>\n\t\t<\/section>\n\t\t\t\t<section class=\"elementor-section elementor-top-section elementor-element elementor-element-84586b6 elementor-section-boxed elementor-section-height-default elementor-section-height-default\" data-id=\"84586b6\" data-element_type=\"section\">\n\t\t\t\t\t\t<div class=\"elementor-container elementor-column-gap-no\">\n\t\t\t\t\t<div class=\"elementor-column elementor-col-100 elementor-top-column elementor-element elementor-element-a636c3b\" data-id=\"a636c3b\" data-element_type=\"column\">\n\t\t\t<div class=\"elementor-widget-wrap elementor-element-populated\">\n\t\t\t\t\t\t\t\t<section class=\"elementor-section elementor-inner-section elementor-element elementor-element-aa16403 elementor-section-boxed elementor-section-height-default elementor-section-height-default\" data-id=\"aa16403\" data-element_type=\"section\">\n\t\t\t\t\t\t<div class=\"elementor-container elementor-column-gap-wider\">\n\t\t\t\t\t<div class=\"elementor-column elementor-col-50 elementor-inner-column elementor-element elementor-element-49b54f1\" data-id=\"49b54f1\" data-element_type=\"column\">\n\t\t\t<div class=\"elementor-widget-wrap elementor-element-populated\">\n\t\t\t\t\t\t\t\t<div class=\"elementor-element elementor-element-9e9964f elementor-widget elementor-widget-spacer\" data-id=\"9e9964f\" data-element_type=\"widget\" data-widget_type=\"spacer.default\">\n\t\t\t\t<div class=\"elementor-widget-container\">\n\t\t\t\t\t<div class=\"elementor-spacer\">\n\t\t\t<div class=\"elementor-spacer-inner\"><\/div>\n\t\t<\/div>\n\t\t\t\t<\/div>\n\t\t\t\t<\/div>\n\t\t\t\t<div class=\"elementor-element elementor-element-b0ac3c6 elementor-widget elementor-widget-text-editor\" data-id=\"b0ac3c6\" data-element_type=\"widget\" data-widget_type=\"text-editor.default\">\n\t\t\t\t<div class=\"elementor-widget-container\">\n\t\t\t\t\t\t\t\tDeoarece credem c\u0103 munca \u00een echip\u0103 face ca visul s\u0103 func\u021bioneze, am venit cu urm\u0103torul proces. \u00cen func\u021bie de rolul pe care \u00eel juca\u021bi \u00een utilizarea acestei aplica\u021bii, avem trei module diferite:\t\t\t\t\t\t<\/div>\n\t\t\t\t<\/div>\n\t\t\t\t<div class=\"elementor-element elementor-element-cf5d9cc elementor-widget elementor-widget-spacer\" data-id=\"cf5d9cc\" data-element_type=\"widget\" data-widget_type=\"spacer.default\">\n\t\t\t\t<div class=\"elementor-widget-container\">\n\t\t\t\t\t<div class=\"elementor-spacer\">\n\t\t\t<div class=\"elementor-spacer-inner\"><\/div>\n\t\t<\/div>\n\t\t\t\t<\/div>\n\t\t\t\t<\/div>\n\t\t\t\t\t<\/div>\n\t\t<\/div>\n\t\t\t\t<div class=\"elementor-column elementor-col-50 elementor-inner-column elementor-element elementor-element-80779ac\" data-id=\"80779ac\" data-element_type=\"column\">\n\t\t\t<div class=\"elementor-widget-wrap elementor-element-populated\">\n\t\t\t\t\t\t\t\t<div class=\"elementor-element elementor-element-ea17b05 elementor-widget elementor-widget-image\" data-id=\"ea17b05\" data-element_type=\"widget\" data-widget_type=\"image.default\">\n\t\t\t\t<div class=\"elementor-widget-container\">\n\t\t\t\t\t\t\t\t\t\t\t\t\t\t\t<img width=\"964\" height=\"667\" src=\"https:\/\/heroesproject.eu\/wp-content\/uploads\/2021\/08\/Proces_HRO.png\" class=\"attachment-large size-large\" alt=\"\" loading=\"lazy\" srcset=\"https:\/\/heroesproject.eu\/wp-content\/uploads\/2021\/08\/Proces_HRO.png 964w, https:\/\/heroesproject.eu\/wp-content\/uploads\/2021\/08\/Proces_HRO-300x208.png 300w, https:\/\/heroesproject.eu\/wp-content\/uploads\/2021\/08\/Proces_HRO-768x531.png 768w, https:\/\/heroesproject.eu\/wp-content\/uploads\/2021\/08\/Proces_HRO-18x12.png 18w\" sizes=\"(max-width: 964px) 100vw, 964px\" \/>\t\t\t\t\t\t\t\t\t\t\t\t\t\t\t<\/div>\n\t\t\t\t<\/div>\n\t\t\t\t\t<\/div>\n\t\t<\/div>\n\t\t\t\t\t\t\t<\/div>\n\t\t<\/section>\n\t\t\t\t<section class=\"elementor-section elementor-inner-section elementor-element elementor-element-700d96d elementor-section-boxed elementor-section-height-default elementor-section-height-default\" data-id=\"700d96d\" data-element_type=\"section\">\n\t\t\t\t\t\t<div class=\"elementor-container elementor-column-gap-default\">\n\t\t\t\t\t<div class=\"elementor-column elementor-col-33 elementor-inner-column elementor-element elementor-element-1eb8962\" data-id=\"1eb8962\" data-element_type=\"column\">\n\t\t\t<div class=\"elementor-widget-wrap elementor-element-populated\">\n\t\t\t\t\t\t\t\t<div class=\"elementor-element elementor-element-47435b1 elementor-widget elementor-widget-heading\" data-id=\"47435b1\" data-element_type=\"widget\" data-widget_type=\"heading.default\">\n\t\t\t\t<div class=\"elementor-widget-container\">\n\t\t\t<h2 class=\"elementor-heading-title elementor-size-default\">Recrutare<\/h2>\t\t<\/div>\n\t\t\t\t<\/div>\n\t\t\t\t<div class=\"elementor-element elementor-element-c3e9f52 elementor-widget elementor-widget-text-editor\" data-id=\"c3e9f52\" data-element_type=\"widget\" data-settings=\"{&quot;_animation&quot;:&quot;none&quot;}\" data-widget_type=\"text-editor.default\">\n\t\t\t\t<div class=\"elementor-widget-container\">\n\t\t\t\t\t\t\t\t<p><strong>Obiective<\/strong><\/p><p>Modulul de recrutare face recrutarea unui \u00eengrijitor de \u00eencredere rapid\u0103, accesibil\u0103 \u0219i f\u0103r\u0103 stres at\u00e2t pentru familii, c\u00e2t \u0219i pentru companiile de \u00eengrijire la domiciliu.<\/p>\t\t\t\t\t\t<\/div>\n\t\t\t\t<\/div>\n\t\t\t\t<div class=\"elementor-element elementor-element-3547978 elementor-widget elementor-widget-text-editor\" data-id=\"3547978\" data-element_type=\"widget\" data-settings=\"{&quot;_animation&quot;:&quot;none&quot;}\" data-widget_type=\"text-editor.default\">\n\t\t\t\t<div class=\"elementor-widget-container\">\n\t\t\t\t\t\t\t\t<p><strong>Avantaje<\/strong><\/p>\t\t\t\t\t\t<\/div>\n\t\t\t\t<\/div>\n\t\t\t\t<div class=\"elementor-element elementor-element-baa62c8 elementor-icon-list--layout-traditional elementor-list-item-link-full_width elementor-invisible elementor-widget elementor-widget-icon-list\" data-id=\"baa62c8\" data-element_type=\"widget\" data-settings=\"{&quot;_animation&quot;:&quot;zoomIn&quot;}\" data-widget_type=\"icon-list.default\">\n\t\t\t\t<div class=\"elementor-widget-container\">\n\t\t\t\t\t<ul class=\"elementor-icon-list-items\">\n\t\t\t\t\t\t\t<li class=\"elementor-icon-list-item\">\n\t\t\t\t\t\t\t\t\t\t\t<span class=\"elementor-icon-list-icon\">\n\t\t\t\t\t\t\t<i aria-hidden=\"true\" class=\"fas fa-check-circle\"><\/i>\t\t\t\t\t\t<\/span>\n\t\t\t\t\t\t\t\t\t\t<span class=\"elementor-icon-list-text\">Candida\u021bi cu experien\u021b\u0103: Fiecare candidat trebuie s\u0103 completeze un formular prin care sunt colectate date precum date demografice, experien\u021b\u0103 \u0219i abilit\u0103\u021bi speciale<\/span>\n\t\t\t\t\t\t\t\t\t<\/li>\n\t\t\t\t\t\t\t\t<li class=\"elementor-icon-list-item\">\n\t\t\t\t\t\t\t\t\t\t\t<span class=\"elementor-icon-list-icon\">\n\t\t\t\t\t\t\t<i aria-hidden=\"true\" class=\"fas fa-check-circle\"><\/i>\t\t\t\t\t\t<\/span>\n\t\t\t\t\t\t\t\t\t\t<span class=\"elementor-icon-list-text\">Conexiune mai personal\u0103 datorit\u0103 r\u0103spunsului video: candida\u021bii no\u0219tri trebuie s\u0103 \u00eencarce un videoclip \u00een care \u00ee\u0219i vor descrie experien\u021ba de lucru \u0219i motiva\u021bia personal\u0103 pentru alegerea domeniului de \u00eengrijire<\/span>\n\t\t\t\t\t\t\t\t\t<\/li>\n\t\t\t\t\t\t\t\t<li class=\"elementor-icon-list-item\">\n\t\t\t\t\t\t\t\t\t\t\t<span class=\"elementor-icon-list-icon\">\n\t\t\t\t\t\t\t<i aria-hidden=\"true\" class=\"fas fa-check-circle\"><\/i>\t\t\t\t\t\t<\/span>\n\t\t\t\t\t\t\t\t\t\t<span class=\"elementor-icon-list-text\">Adaptate pentru dvs.: Pute\u021bi alege propriile criterii de selec\u021bie \u0219i \u00eentreb\u0103ri specifice <\/span>\n\t\t\t\t\t\t\t\t\t<\/li>\n\t\t\t\t\t\t\t\t<li class=\"elementor-icon-list-item\">\n\t\t\t\t\t\t\t\t\t\t\t<span class=\"elementor-icon-list-icon\">\n\t\t\t\t\t\t\t<i aria-hidden=\"true\" class=\"fas fa-check-circle\"><\/i>\t\t\t\t\t\t<\/span>\n\t\t\t\t\t\t\t\t\t\t<span class=\"elementor-icon-list-text\">Plata online u\u0219oar\u0103<\/span>\n\t\t\t\t\t\t\t\t\t<\/li>\n\t\t\t\t\t\t<\/ul>\n\t\t\t\t<\/div>\n\t\t\t\t<\/div>\n\t\t\t\t<div class=\"elementor-element elementor-element-d978ef4 elementor-invisible elementor-widget elementor-widget-text-editor\" data-id=\"d978ef4\" data-element_type=\"widget\" data-settings=\"{&quot;_animation&quot;:&quot;slideInLeft&quot;}\" data-widget_type=\"text-editor.default\">\n\t\t\t\t<div class=\"elementor-widget-container\">\n\t\t\t\t\t\t\t\t<p><strong>FAQ<\/strong><\/p><p>C\u00e2\u021bi candida\u021bi voi primi dup\u0103 depunerea unei cereri?<\/p><p>C\u00e2t timp este necesar pentru primirea unui candidat?<\/p><p>Cum \u00eemi pot \u0219terge contul?<\/p>\t\t\t\t\t\t<\/div>\n\t\t\t\t<\/div>\n\t\t\t\t\t<\/div>\n\t\t<\/div>\n\t\t\t\t<div class=\"elementor-column elementor-col-33 elementor-inner-column elementor-element elementor-element-33bfdfb\" data-id=\"33bfdfb\" data-element_type=\"column\">\n\t\t\t<div class=\"elementor-widget-wrap elementor-element-populated\">\n\t\t\t\t\t\t\t\t<div class=\"elementor-element elementor-element-0c292bb elementor-widget elementor-widget-heading\" data-id=\"0c292bb\" data-element_type=\"widget\" data-widget_type=\"heading.default\">\n\t\t\t\t<div class=\"elementor-widget-container\">\n\t\t\t<h2 class=\"elementor-heading-title elementor-size-default\">Evaluator<\/h2>\t\t<\/div>\n\t\t\t\t<\/div>\n\t\t\t\t<div class=\"elementor-element elementor-element-ad4dbd1 elementor-widget elementor-widget-text-editor\" data-id=\"ad4dbd1\" data-element_type=\"widget\" data-settings=\"{&quot;_animation&quot;:&quot;none&quot;}\" data-widget_type=\"text-editor.default\">\n\t\t\t\t<div class=\"elementor-widget-container\">\n\t\t\t\t\t\t\t\t<p><strong>Obiective<\/strong><\/p><p>Modulul de recenzie ajut\u0103 persoanele \u00een v\u00e2rst\u0103 \u0219i cei care lucreaz\u0103 \u00een domeniul s\u0103n\u0103t\u0103\u021bii s\u0103 c\u00e2\u0219tige un c\u00e2\u0219tig suplimentar, fiind parte a unui proces flexibil.<\/p>\t\t\t\t\t\t<\/div>\n\t\t\t\t<\/div>\n\t\t\t\t<div class=\"elementor-element elementor-element-7b35efb elementor-widget elementor-widget-text-editor\" data-id=\"7b35efb\" data-element_type=\"widget\" data-settings=\"{&quot;_animation&quot;:&quot;none&quot;}\" data-widget_type=\"text-editor.default\">\n\t\t\t\t<div class=\"elementor-widget-container\">\n\t\t\t\t\t\t\t\t<p><strong>Avantaje<\/strong><\/p>\t\t\t\t\t\t<\/div>\n\t\t\t\t<\/div>\n\t\t\t\t<div class=\"elementor-element elementor-element-84e3ab6 elementor-icon-list--layout-traditional elementor-list-item-link-full_width elementor-invisible elementor-widget elementor-widget-icon-list\" data-id=\"84e3ab6\" data-element_type=\"widget\" data-settings=\"{&quot;_animation&quot;:&quot;zoomIn&quot;}\" data-widget_type=\"icon-list.default\">\n\t\t\t\t<div class=\"elementor-widget-container\">\n\t\t\t\t\t<ul class=\"elementor-icon-list-items\">\n\t\t\t\t\t\t\t<li class=\"elementor-icon-list-item\">\n\t\t\t\t\t\t\t\t\t\t\t<span class=\"elementor-icon-list-icon\">\n\t\t\t\t\t\t\t<i aria-hidden=\"true\" class=\"fas fa-check-circle\"><\/i>\t\t\t\t\t\t<\/span>\n\t\t\t\t\t\t\t\t\t\t<span class=\"elementor-icon-list-text\">Proces de revizuire u\u0219or \u0219i flexibil: \u00cen func\u021bie de programul dvs., pute\u021bi lucra cu noi \u00een timpul liber, plata fiind pe recenzie. <\/span>\n\t\t\t\t\t\t\t\t\t<\/li>\n\t\t\t\t\t\t\t\t<li class=\"elementor-icon-list-item\">\n\t\t\t\t\t\t\t\t\t\t\t<span class=\"elementor-icon-list-icon\">\n\t\t\t\t\t\t\t<i aria-hidden=\"true\" class=\"fas fa-check-circle\"><\/i>\t\t\t\t\t\t<\/span>\n\t\t\t\t\t\t\t\t\t\t<span class=\"elementor-icon-list-text\">\u00cenv\u0103\u021barea de la egal la egal: fiecare candidat va fi examinat de dou\u0103 persoane: una care lucreaz\u0103 \u00een departamentul de \u00eengrijire a s\u0103n\u0103t\u0103\u021bii \u0219i una \u00een v\u00e2rst\u0103. Dup\u0103 fiecare interviu, vor discuta despre candidat \u0219i \u00ee\u0219i vor aduce experien\u021ba de via\u021b\u0103 \/ munc\u0103 pe mas\u0103 pentru a scrie recenzia final\u0103. <\/span>\n\t\t\t\t\t\t\t\t\t<\/li>\n\t\t\t\t\t\t\t\t<li class=\"elementor-icon-list-item\">\n\t\t\t\t\t\t\t\t\t\t\t<span class=\"elementor-icon-list-icon\">\n\t\t\t\t\t\t\t<i aria-hidden=\"true\" class=\"fas fa-check-circle\"><\/i>\t\t\t\t\t\t<\/span>\n\t\t\t\t\t\t\t\t\t\t<span class=\"elementor-icon-list-text\">Munca la distan\u021b\u0103 convenabil\u0103: recenziile pot fi f\u0103cute de oriunde, singura condi\u021bie este s\u0103 ave\u021bi un dispozitiv care are o conexiune bun\u0103 la internet.<\/span>\n\t\t\t\t\t\t\t\t\t<\/li>\n\t\t\t\t\t\t\t\t<li class=\"elementor-icon-list-item\">\n\t\t\t\t\t\t\t\t\t\t\t<span class=\"elementor-icon-list-icon\">\n\t\t\t\t\t\t\t<i aria-hidden=\"true\" class=\"fas fa-check-circle\"><\/i>\t\t\t\t\t\t<\/span>\n\t\t\t\t\t\t\t\t\t\t<span class=\"elementor-icon-list-text\">Platforma u\u0219or de utilizat at\u00e2t pentru dispozitive mobile, c\u00e2t \u0219i pentru alte dispozitive: chiar dac\u0103 abilit\u0103\u021bile dvs. digitale nu sunt cele mai bune, navigarea prin platforma noastr\u0103 nu va fi o problem\u0103.<\/span>\n\t\t\t\t\t\t\t\t\t<\/li>\n\t\t\t\t\t\t<\/ul>\n\t\t\t\t<\/div>\n\t\t\t\t<\/div>\n\t\t\t\t<div class=\"elementor-element elementor-element-40ce43f elementor-invisible elementor-widget elementor-widget-text-editor\" data-id=\"40ce43f\" data-element_type=\"widget\" data-settings=\"{&quot;_animation&quot;:&quot;slideInUp&quot;}\" data-widget_type=\"text-editor.default\">\n\t\t\t\t<div class=\"elementor-widget-container\">\n\t\t\t\t\t\t\t\t<p><strong>FAQ<\/strong><\/p><p>Cum pot vedea solicit\u0103rile trimise?<\/p><p>Cum vor fi repartiza\u021bi candida\u021bii?<\/p><p>Cum \u00eemi pot seta disponibilitatea \u00een cont?<\/p>\t\t\t\t\t\t<\/div>\n\t\t\t\t<\/div>\n\t\t\t\t\t<\/div>\n\t\t<\/div>\n\t\t\t\t<div class=\"elementor-column elementor-col-33 elementor-inner-column elementor-element elementor-element-f633753\" data-id=\"f633753\" data-element_type=\"column\">\n\t\t\t<div class=\"elementor-widget-wrap elementor-element-populated\">\n\t\t\t\t\t\t\t\t<div class=\"elementor-element elementor-element-6a30524 elementor-widget elementor-widget-heading\" data-id=\"6a30524\" data-element_type=\"widget\" data-widget_type=\"heading.default\">\n\t\t\t\t<div class=\"elementor-widget-container\">\n\t\t\t<h2 class=\"elementor-heading-title elementor-size-default\">Candidat<\/h2>\t\t<\/div>\n\t\t\t\t<\/div>\n\t\t\t\t<div class=\"elementor-element elementor-element-694c9fe elementor-widget elementor-widget-text-editor\" data-id=\"694c9fe\" data-element_type=\"widget\" data-settings=\"{&quot;_animation&quot;:&quot;none&quot;}\" data-widget_type=\"text-editor.default\">\n\t\t\t\t<div class=\"elementor-widget-container\">\n\t\t\t\t\t\t\t\t<p><strong>Obiective<\/strong><\/p><p>Modulul candidat ajut\u0103 persoanele care lucreaz\u0103 \u00een domeniul \u00eengrijirii s\u0103 g\u0103seasc\u0103 un loc de munc\u0103 mai u\u0219or \u0219i mai rapid, care este demn \u0219i sigur.<\/p>\t\t\t\t\t\t<\/div>\n\t\t\t\t<\/div>\n\t\t\t\t<div class=\"elementor-element elementor-element-fd6ae45 elementor-widget elementor-widget-text-editor\" data-id=\"fd6ae45\" data-element_type=\"widget\" data-widget_type=\"text-editor.default\">\n\t\t\t\t<div class=\"elementor-widget-container\">\n\t\t\t\t\t\t\t\t<p><strong>Avantaje<\/strong><\/p>\t\t\t\t\t\t<\/div>\n\t\t\t\t<\/div>\n\t\t\t\t<div class=\"elementor-element elementor-element-fe28675 elementor-icon-list--layout-traditional elementor-list-item-link-full_width elementor-invisible elementor-widget elementor-widget-icon-list\" data-id=\"fe28675\" data-element_type=\"widget\" data-settings=\"{&quot;_animation&quot;:&quot;zoomIn&quot;}\" data-widget_type=\"icon-list.default\">\n\t\t\t\t<div class=\"elementor-widget-container\">\n\t\t\t\t\t<ul class=\"elementor-icon-list-items\">\n\t\t\t\t\t\t\t<li class=\"elementor-icon-list-item\">\n\t\t\t\t\t\t\t\t\t\t\t<span class=\"elementor-icon-list-icon\">\n\t\t\t\t\t\t\t<i aria-hidden=\"true\" class=\"fas fa-check-circle\"><\/i>\t\t\t\t\t\t<\/span>\n\t\t\t\t\t\t\t\t\t\t<span class=\"elementor-icon-list-text\">Potrivire personalizat\u0103 pe baza profilului \u0219i expertizei dvs.: pute\u021bi alege ce servicii dori\u021bi s\u0103 oferi\u021bi \u0219i cu ce beneficiari dori\u021bi s\u0103 lucra\u021bi. <\/span>\n\t\t\t\t\t\t\t\t\t<\/li>\n\t\t\t\t\t\t\t\t<li class=\"elementor-icon-list-item\">\n\t\t\t\t\t\t\t\t\t\t\t<span class=\"elementor-icon-list-icon\">\n\t\t\t\t\t\t\t<i aria-hidden=\"true\" class=\"fas fa-check-circle\"><\/i>\t\t\t\t\t\t<\/span>\n\t\t\t\t\t\t\t\t\t\t<span class=\"elementor-icon-list-text\">Expert \/ recenzie uman\u0103: \u00cenainte de a fi repartizat la un loc de munc\u0103, ve\u021bi primi o cerere de aderare la procesul de recrutare. Dac\u0103 sunte\u021bi de acord cu termenii, ve\u021bi primi c\u00e2teva \u00eentreb\u0103ri de la recrutor \u0219i ve\u021bi \u00eenregistra video fiecare r\u0103spuns \u00een cadrul platformei. R\u0103spunsurile dvs. vor fi apoi revizuite de o echip\u0103 format\u0103 dintr-un specialist \u00een domeniul s\u0103n\u0103t\u0103\u021bii \u0219i un v\u00e2rstnic.<\/span>\n\t\t\t\t\t\t\t\t\t<\/li>\n\t\t\t\t\t\t\t\t<li class=\"elementor-icon-list-item\">\n\t\t\t\t\t\t\t\t\t\t\t<span class=\"elementor-icon-list-icon\">\n\t\t\t\t\t\t\t<i aria-hidden=\"true\" class=\"fas fa-check-circle\"><\/i>\t\t\t\t\t\t<\/span>\n\t\t\t\t\t\t\t\t\t\t<span class=\"elementor-icon-list-text\">Program convenabil: pute\u021bi c\u00e2\u0219tiga bani suplimentari lucr\u00e2nd \u00een func\u021bie de disponibilitate sau preferin\u021be. <\/span>\n\t\t\t\t\t\t\t\t\t<\/li>\n\t\t\t\t\t\t<\/ul>\n\t\t\t\t<\/div>\n\t\t\t\t<\/div>\n\t\t\t\t<div class=\"elementor-element elementor-element-82df408 elementor-invisible elementor-widget elementor-widget-text-editor\" data-id=\"82df408\" data-element_type=\"widget\" data-settings=\"{&quot;_animation&quot;:&quot;slideInRight&quot;}\" data-widget_type=\"text-editor.default\">\n\t\t\t\t<div class=\"elementor-widget-container\">\n\t\t\t\t\t\t\t\t<p><strong>FAQ<\/strong><\/p><p>Cum pot \u00eenc\u0103rca interviul video?<\/p><p>Cum se va face plata?<\/p><p>Cum pot vedea detalii despre familia la care voi merge?<\/p>\t\t\t\t\t\t<\/div>\n\t\t\t\t<\/div>\n\t\t\t\t\t<\/div>\n\t\t<\/div>\n\t\t\t\t\t\t\t<\/div>\n\t\t<\/section>\n\t\t\t\t\t<\/div>\n\t\t<\/div>\n\t\t\t\t\t\t\t<\/div>\n\t\t<\/section>\n\t\t\t\t\t\t<\/div>\n\t\t\t\t\t<\/div>","protected":false},"excerpt":{"rendered":"<p>Platform Because we believe that teamwork makes the dream work, we came up with\u00a0 the following process. Depending on the role you play in using this app, we have three different modules: Recruitment Objective The recruiter module makes recruiting a trustworthy caregiver fast, affordable and stress-free for both families and home care companies. Advantages Experienced&hellip;<\/p>","protected":false},"author":3,"featured_media":0,"parent":0,"menu_order":0,"comment_status":"closed","ping_status":"closed","template":"elementor_header_footer","meta":[],"yoast_head":"<!-- This site is optimized with the Yoast SEO plugin v16.6.1 - https:\/\/yoast.com\/wordpress\/plugins\/seo\/ -->\n<title>Platform - HEROES Project<\/title>\n<meta name=\"robots\" content=\"index, follow, max-snippet:-1, max-image-preview:large, max-video-preview:-1\" \/>\n<link rel=\"canonical\" href=\"https:\/\/heroesproject.eu\/ro\/platform\/\" \/>\n<meta property=\"og:locale\" content=\"ro_RO\" \/>\n<meta property=\"og:type\" content=\"article\" \/>\n<meta property=\"og:title\" content=\"Platform - HEROES Project\" \/>\n<meta property=\"og:description\" content=\"Platform Because we believe that teamwork makes the dream work, we came up with\u00a0 the following process. Depending on the role you play in using this app, we have three different modules: Recruitment Objective The recruiter module makes recruiting a trustworthy caregiver fast, affordable and stress-free for both families and home care companies. Advantages Experienced&hellip;\" \/>\n<meta property=\"og:url\" content=\"https:\/\/heroesproject.eu\/ro\/platform\/\" \/>\n<meta property=\"og:site_name\" content=\"HEROES Project\" \/>\n<meta property=\"article:modified_time\" content=\"2021-08-30T08:20:12+00:00\" \/>\n<meta property=\"og:image\" content=\"https:\/\/heroesproject.eu\/wp-content\/uploads\/2021\/08\/Proces_HRO.png\" \/>\n<meta name=\"twitter:card\" content=\"summary_large_image\" \/>\n<meta name=\"twitter:label1\" content=\"Timp estimat pentru citire\" \/>\n\t<meta name=\"twitter:data1\" content=\"3 minute\" \/>\n<script type=\"application\/ld+json\" class=\"yoast-schema-graph\">{\"@context\":\"https:\/\/schema.org\",\"@graph\":[{\"@type\":\"WebSite\",\"@id\":\"http:\/\/heroesproject.eu\/#website\",\"url\":\"http:\/\/heroesproject.eu\/\",\"name\":\"HEROES Project\",\"description\":\"Recruiting made easy\",\"potentialAction\":[{\"@type\":\"SearchAction\",\"target\":{\"@type\":\"EntryPoint\",\"urlTemplate\":\"http:\/\/heroesproject.eu\/?s={search_term_string}\"},\"query-input\":\"required name=search_term_string\"}],\"inLanguage\":\"ro-RO\"},{\"@type\":\"ImageObject\",\"@id\":\"https:\/\/heroesproject.eu\/platform\/#primaryimage\",\"inLanguage\":\"ro-RO\",\"url\":\"https:\/\/heroesproject.eu\/wp-content\/uploads\/2021\/08\/Proces_HRO.png\",\"contentUrl\":\"https:\/\/heroesproject.eu\/wp-content\/uploads\/2021\/08\/Proces_HRO.png\",\"width\":964,\"height\":667},{\"@type\":\"WebPage\",\"@id\":\"https:\/\/heroesproject.eu\/platform\/#webpage\",\"url\":\"https:\/\/heroesproject.eu\/platform\/\",\"name\":\"Platform - HEROES Project\",\"isPartOf\":{\"@id\":\"http:\/\/heroesproject.eu\/#website\"},\"primaryImageOfPage\":{\"@id\":\"https:\/\/heroesproject.eu\/platform\/#primaryimage\"},\"datePublished\":\"2021-07-05T10:36:41+00:00\",\"dateModified\":\"2021-08-30T08:20:12+00:00\",\"breadcrumb\":{\"@id\":\"https:\/\/heroesproject.eu\/platform\/#breadcrumb\"},\"inLanguage\":\"ro-RO\",\"potentialAction\":[{\"@type\":\"ReadAction\",\"target\":[\"https:\/\/heroesproject.eu\/platform\/\"]}]},{\"@type\":\"BreadcrumbList\",\"@id\":\"https:\/\/heroesproject.eu\/platform\/#breadcrumb\",\"itemListElement\":[{\"@type\":\"ListItem\",\"position\":1,\"name\":\"Home\",\"item\":\"https:\/\/heroesproject.eu\/\"},{\"@type\":\"ListItem\",\"position\":2,\"name\":\"Platform\"}]}]}<\/script>\n<!-- \/ Yoast SEO plugin. -->","_links":{"self":[{"href":"https:\/\/heroesproject.eu\/ro\/wp-json\/wp\/v2\/pages\/3878"}],"collection":[{"href":"https:\/\/heroesproject.eu\/ro\/wp-json\/wp\/v2\/pages"}],"about":[{"href":"https:\/\/heroesproject.eu\/ro\/wp-json\/wp\/v2\/types\/page"}],"author":[{"embeddable":true,"href":"https:\/\/heroesproject.eu\/ro\/wp-json\/wp\/v2\/users\/3"}],"replies":[{"embeddable":true,"href":"https:\/\/heroesproject.eu\/ro\/wp-json\/wp\/v2\/comments?post=3878"}],"version-history":[{"count":69,"href":"https:\/\/heroesproject.eu\/ro\/wp-json\/wp\/v2\/pages\/3878\/revisions"}],"predecessor-version":[{"id":5957,"href":"https:\/\/heroesproject.eu\/ro\/wp-json\/wp\/v2\/pages\/3878\/revisions\/5957"}],"wp:attachment":[{"href":"https:\/\/heroesproject.eu\/ro\/wp-json\/wp\/v2\/media?parent=3878"}],"curies":[{"name":"wp","href":"https:\/\/api.w.org\/{rel}","templated":true}]}}