{"id":6419,"date":"2023-09-24T11:15:06","date_gmt":"2023-09-24T09:15:06","guid":{"rendered":"https:\/\/heroesproject.eu\/?page_id=6419"},"modified":"2023-09-24T11:15:22","modified_gmt":"2023-09-24T09:15:22","slug":"erstellen-sie-eine-beeindruckende-1-minutige-videoprasentation-fur-ihr-profil-ch","status":"publish","type":"page","link":"https:\/\/heroesproject.eu\/ch\/erstellen-sie-eine-beeindruckende-1-minutige-videoprasentation-fur-ihr-profil-ch\/","title":{"rendered":"Erstellen Sie eine beeindruckende 1-min\u00fctige Videopr\u00e4sentation f\u00fcr Ihr Profil"},"content":{"rendered":"<p>Herzlich willkommen zu unserem Training, in dem wir Ihnen zeigen, wie Sie sich in einer 1-min\u00fctigen Videopr\u00e4sentation effektiv pr\u00e4sentieren k\u00f6nnen. In diesem Tutorial f\u00fchren wir Sie durch den Prozess der Erstellung einer eindrucksvollen Video- oder Audiopr\u00e4sentation f\u00fcr Ihr Profil auf unserer HEROES-Rekrutierungsplattform f\u00fcr Betreuungs- oder Pflegefachpersonen! Wenn Sie diese Richtlinien befolgen, k\u00f6nnen Sie potenziellen Familien\/Arbeitgebenden, die auf der Suche nach dem:der perfekten Bewerber:in sind, Ihre F\u00e4higkeiten, Qualifikationen und Pers\u00f6nlichkeit pr\u00e4sentieren.<\/p>\n\n\n\n<p>Fangen wir an!<\/p>\n\n\n\n<p><strong>1. Vorbereitung Ihrer Pr\u00e4sentation<\/strong><\/p>\n\n\n\n<p><em>1.1 Definieren Sie Ihre Ziele:<\/em><\/p>\n\n\n\n<ul><li>Legen Sie den Zweck Ihrer Videopr\u00e4sentation klar fest.<\/li><li>Heben Sie Ihre wichtigsten St\u00e4rken, Erfahrungen und Qualit\u00e4ten hervor, die Sie zu einer geeigneten Betreuungs- oder Pflegeperson machen.<\/li><li>Ber\u00fccksichtigen Sie die Bed\u00fcrfnisse und Vorlieben potenzieller Familien\/Arbeitgebenden.<\/li><\/ul>\n\n\n\n<p><em>1.2 Strukturieren Sie Ihre Pr\u00e4sentation:<\/em><\/p>\n\n\n\n<ul><li>Beginnen Sie mit einer kurzen Vorstellung Ihrer Person, einschliesslich Ihres Namens, Ihrer Qualifikationen und Ihrer Erfahrung.<\/li><li>Skizzieren Sie Ihre F\u00e4higkeiten und Fachkenntnisse, die f\u00fcr die Rolle der Betreuungs- oder Pflegefachperson relevant sind.<\/li><li>Nennen Sie alle zus\u00e4tzlichen Zertifizierungen, Spezialisierungen oder Schulungen, die Sie absolviert haben.<\/li><li>Erl\u00e4utern Sie Ihre Leidenschaft f\u00fcr die Betreuung\/Pflege und Ihr Engagement f\u00fcr die Bereitstellung aussergew\u00f6hnlicher Betreuung\/Pflege.<\/li><li>Schliessen Sie mit einem starken Schlusswort ab, das Ihre St\u00e4rken zusammenfasst und Ihre Begeisterung f\u00fcr die Gelegenheit zum Ausdruck bringt.<\/li><\/ul>\n\n\n\n<p><strong><em>Beispiel:<\/em><\/strong><\/p>\n\n\n\n<p><em>&#8220;Hallo, mein Name ist Maria. Ich bin eine engagierte Pflegefachperson mit 5 Jahren Erfahrung in der Pflege \u00e4lterer Menschen.<\/em><\/p>\n\n\n\n<p><em>Ich verf\u00fcge \u00fcber ein breites Spektrum an F\u00e4higkeiten, die mich f\u00fcr diese Rolle gut geeignet machen. Ich bin erfahren in der Unterst\u00fctzung bei allt\u00e4glichen Aktivit\u00e4ten wie z.B. Baden, Anziehen und Medikamentenmanagement. Ausserdem habe ich Erfahrung im Umgang mit verschiedenen Hilfsmitteln wie Rollst\u00fchlen, Gehhilfen und Spezialbetten, um Personen mit Mobilit\u00e4tsproblemen zu unterst\u00fctzen.<\/em><\/p>\n\n\n\n<p><em>Ich habe eine Lizenz f\u00fcr h\u00e4usliche Pflege, einschliesslich eines Zertifikats f\u00fcr Massnahmen zur Wiederbelebung. Ausserdem habe ich eine Ausbildung f\u00fcr den Umgang mit Menschen mit Demenz absolviert, die es mir erm\u00f6glicht, Menschen mit besonderen Bed\u00fcrfnissen zu betreuen.<\/em><\/p>\n\n\n\n<p><em>Pflege ist f\u00fcr mich nicht nur ein Job; es ist meine Leidenschaft. Ich glaube an eine pers\u00f6nliche und einf\u00fchlsame Pflege, um die Lebensqualit\u00e4t meiner Patienten zu verbessern. Ich setze mich daf\u00fcr ein, dass ihre Sicherheit, ihr Komfort und ihr Wohlbefinden zu jeder Zeit gew\u00e4hrleistet sind.<\/em><\/p>\n\n\n\n<p>Denken Sie daran, dass es sich hier nur um ein Beispiel handelt, das Sie auf der Grundlage Ihrer eigenen Erfahrungen, Qualifikationen und der spezifischen Anforderungen der Stelle anpassen k\u00f6nnen. \u00dcben Sie Ihre Pr\u00e4sentation und passen Sie sie so an, dass sie in den 1-min\u00fctigen Zeitrahmen passt.<\/p>\n\n\n\n<p>&nbsp;<strong>2. Aufzeichnung Ihrer Pr\u00e4sentation<\/strong><\/p>\n\n\n\n<p><em>2.1 Technische \u00dcberlegungen:<\/em><\/p>\n\n\n\n<ul><li>Verwenden Sie f\u00fcr die Aufnahme eine gut beleuchtete, ruhige und saubere Umgebung.<\/li><li>Achten Sie darauf, dass der Hintergrund nicht ablenkend ist und Professionalit\u00e4t widerspiegelt.<\/li><li>Testen Sie die Audio- und Videoqualit\u00e4t, um Klarheit zu gew\u00e4hrleisten und technische Probleme zu vermeiden.<\/li><\/ul>\n\n\n\n<p><em>2.2 Tipps zur Pr\u00e4sentation:<\/em><\/p>\n\n\n\n<ul><li>Kleiden Sie sich professionell und achten Sie auf ein sauberes und vorzeigbares Erscheinungsbild.<\/li><li>Nehmen Sie Augenkontakt mit der Kamera auf, um eine Verbindung mit der zuschauenden Person herzustellen.<\/li><li>Sprechen Sie klar und selbstbewusst und betonen Sie Ihre wichtigsten Punkte.<\/li><li>Zeigen Sie Ihren Enthusiasmus und Ihre Leidenschaft f\u00fcr die Betreuung und\/oder Pflege.<\/li><li>Fassen Sie sich kurz und vermeiden Sie es, abzuschweifen oder vom Thema abzuweichen.<\/li><\/ul>\n\n\n\n<p>&nbsp;<strong>3. Was Sie in Ihrer Pr\u00e4sentation NICHT sagen sollten<\/strong><\/p>\n\n\n\n<p>Wenn es um Selbstvorstellungspr\u00e4sentationen geht, ist es wichtig, einen positiven und professionellen Eindruck zu hinterlassen. Hier sind einige Punkte, die erkl\u00e4ren, was Sie w\u00e4hrend der Video-\/Audioaufnahme vermeiden sollten:<\/p>\n\n\n\n<p><em>3.1 Negative Kommentare:<\/em><\/p>\n\n\n\n<ul><li>Vermeiden Sie negative Kommentare \u00fcber fr\u00fchere Arbeitgebende, Kollegen\/Kolleginnen oder Patienten\/Patientinnen. Bleiben Sie professionell und konzentrieren Sie sich auf die positiven Aspekte Ihrer Erfahrungen.<\/li><li>Verzichten Sie darauf, pers\u00f6nliche oder kontroverse Themen zu besprechen, die nichts mit Betreuung oder Pflege zu tun haben.<\/li><\/ul>\n\n\n\n<p><em>3.2 \u00dcberw\u00e4ltigende Details:<\/em><\/p>\n\n\n\n<ul><li>Vermeiden Sie es, die zuschauende Person mit \u00fcberm\u00e4ssigen Details oder Fachjargon zu \u00fcberfordern. Halten Sie Ihre Pr\u00e4sentation kurz und konzentrieren Sie sich auf die wichtigsten Punkte.<\/li><li>Vermeiden Sie langatmige Erkl\u00e4rungen oder komplexe medizinische Terminologie\/Abk\u00fcrzungen, die f\u00fcr die zuschauende Person schwer verst\u00e4ndlich sein k\u00f6nnten.<\/li><\/ul>\n\n\n\n<p>3.3 Mangelnder Enthusiasmus:<\/p>\n\n\n\n<ul><li>Achten Sie w\u00e4hrend der gesamten Pr\u00e4sentation auf Ihren Ton und Ihre Energie. Vermeiden Sie es, desinteressiert oder wenig enthusiastisch f\u00fcr die Betreuungst\u00e4tigkeit bzw. den Pflegeberuf zu wirken.<\/li><li>Vermitteln Sie Ihre Leidenschaft und Ihr Engagement f\u00fcr den Betreuungs-\/Pflegebereich, denn das wird einen positiven Eindruck auf potenzielle Familien\/Arbeitgebende machen.<\/li><\/ul>\n\n\n\n<p><em>3.4 Unprofessionelle Sprache:<\/em><\/p>\n\n\n\n<ul><li>Vermeiden Sie es, Slang, unangemessene Sprache oder informelle Sprache zu verwenden. Achten Sie bei Ihrer Pr\u00e4sentation auf einen professionellen und respektvollen Ton.<\/li><li>Vermeiden Sie beleidigende oder diskriminierende \u00c4usserungen.<\/li><\/ul>\n\n\n\n<p><em>3.5 Ausschweifungen oder fehlende Struktur:<\/em><\/p>\n\n\n\n<ul><li>Achten Sie darauf, dass Ihre Pr\u00e4sentation gut strukturiert und gegliedert ist. Vermeiden Sie es, vom Thema abzuweichen, da dies die zuschauende Person verwirren oder ablenken k\u00f6nnte.<\/li><li>Konzentrieren Sie sich auf die wichtigsten Punkte und achten Sie auf eine klare und pr\u00e4gnante Darstellung.<\/li><\/ul>\n\n\n\n<p>Denken Sie daran, dass Sie mit Ihrer Video- oder Audiopr\u00e4sentation einen positiven und professionellen Eindruck vermitteln wollen. Wenn Sie diese Fallstricke vermeiden, k\u00f6nnen Sie sicherstellen, dass Ihre Pr\u00e4sentation Ihre St\u00e4rken, Qualifikationen und Ihre Eignung f\u00fcr eine Stelle in der Betreuung oder Pflege hervorhebt.<\/p>\n\n\n\n<p>Herzlichen Gl\u00fcckwunsch! Sie haben gelernt, wie Sie eine eindrucksvolle 1-min\u00fctige Videopr\u00e4sentation f\u00fcr Ihr Profil auf unserer HEROES-Rekrutierungsplattform erstellen k\u00f6nnen. Indem Sie diese Richtlinien befolgen und Ihre einzigartigen Qualit\u00e4ten einbringen, erh\u00f6hen Sie Ihre Chancen, sich bei potenziellen Familien\/Arbeitgebenden, die Betreuungs- oder Pflegefachpersonen suchen, zu profilieren.<\/p>\n\n\n\n<p>Denken Sie daran, Ihr Profil und Ihre Videopr\u00e4sentation regelm\u00e4ssig zu aktualisieren, um neue F\u00e4higkeiten oder Erfahrungen zu ber\u00fccksichtigen.&nbsp;<\/p>\n\n\n\n<p>Viel Erfolg bei der Jobsuche!<\/p>","protected":false},"excerpt":{"rendered":"<p>Herzlich willkommen zu unserem Training, in dem wir Ihnen zeigen, wie Sie sich in einer 1-min\u00fctigen Videopr\u00e4sentation effektiv pr\u00e4sentieren k\u00f6nnen. In diesem Tutorial f\u00fchren wir Sie durch den Prozess der Erstellung einer eindrucksvollen Video- oder Audiopr\u00e4sentation f\u00fcr Ihr Profil auf unserer HEROES-Rekrutierungsplattform f\u00fcr Betreuungs- oder Pflegefachpersonen! Wenn Sie diese Richtlinien befolgen, k\u00f6nnen Sie potenziellen Familien\/Arbeitgebenden,&hellip;<\/p>","protected":false},"author":3,"featured_media":0,"parent":0,"menu_order":0,"comment_status":"closed","ping_status":"closed","template":"","meta":[],"yoast_head":"<!-- This site is optimized with the Yoast SEO plugin v16.6.1 - https:\/\/yoast.com\/wordpress\/plugins\/seo\/ -->\n<title>Erstellen Sie eine beeindruckende 1-min\u00fctige Videopr\u00e4sentation f\u00fcr Ihr Profil - HEROES Project<\/title>\n<meta name=\"robots\" content=\"index, follow, max-snippet:-1, max-image-preview:large, max-video-preview:-1\" \/>\n<link rel=\"canonical\" href=\"https:\/\/heroesproject.eu\/ch\/erstellen-sie-eine-beeindruckende-1-minutige-videoprasentation-fur-ihr-profil-ch\/\" \/>\n<meta property=\"og:locale\" content=\"de_DE\" \/>\n<meta property=\"og:type\" content=\"article\" \/>\n<meta property=\"og:title\" content=\"Erstellen Sie eine beeindruckende 1-min\u00fctige Videopr\u00e4sentation f\u00fcr Ihr Profil - HEROES Project\" \/>\n<meta property=\"og:description\" content=\"Herzlich willkommen zu unserem Training, in dem wir Ihnen zeigen, wie Sie sich in einer 1-min\u00fctigen Videopr\u00e4sentation effektiv pr\u00e4sentieren k\u00f6nnen. In diesem Tutorial f\u00fchren wir Sie durch den Prozess der Erstellung einer eindrucksvollen Video- oder Audiopr\u00e4sentation f\u00fcr Ihr Profil auf unserer HEROES-Rekrutierungsplattform f\u00fcr Betreuungs- oder Pflegefachpersonen! Wenn Sie diese Richtlinien befolgen, k\u00f6nnen Sie potenziellen Familien\/Arbeitgebenden,&hellip;\" \/>\n<meta property=\"og:url\" content=\"https:\/\/heroesproject.eu\/ch\/erstellen-sie-eine-beeindruckende-1-minutige-videoprasentation-fur-ihr-profil-ch\/\" \/>\n<meta property=\"og:site_name\" content=\"HEROES Project\" \/>\n<meta property=\"article:modified_time\" content=\"2023-09-24T09:15:22+00:00\" \/>\n<meta name=\"twitter:card\" content=\"summary_large_image\" \/>\n<meta name=\"twitter:label1\" content=\"Est. reading time\" \/>\n\t<meta name=\"twitter:data1\" content=\"4 Minuten\" \/>\n<script type=\"application\/ld+json\" class=\"yoast-schema-graph\">{\"@context\":\"https:\/\/schema.org\",\"@graph\":[{\"@type\":\"WebSite\",\"@id\":\"http:\/\/heroesproject.eu\/#website\",\"url\":\"http:\/\/heroesproject.eu\/\",\"name\":\"HEROES Project\",\"description\":\"Recruiting made easy\",\"potentialAction\":[{\"@type\":\"SearchAction\",\"target\":{\"@type\":\"EntryPoint\",\"urlTemplate\":\"http:\/\/heroesproject.eu\/?s={search_term_string}\"},\"query-input\":\"required name=search_term_string\"}],\"inLanguage\":\"de-CH\"},{\"@type\":\"WebPage\",\"@id\":\"https:\/\/heroesproject.eu\/erstellen-sie-eine-beeindruckende-1-minutige-videoprasentation-fur-ihr-profil-ch\/#webpage\",\"url\":\"https:\/\/heroesproject.eu\/erstellen-sie-eine-beeindruckende-1-minutige-videoprasentation-fur-ihr-profil-ch\/\",\"name\":\"Erstellen Sie eine beeindruckende 1-min\\u00fctige Videopr\\u00e4sentation f\\u00fcr Ihr Profil - HEROES Project\",\"isPartOf\":{\"@id\":\"http:\/\/heroesproject.eu\/#website\"},\"datePublished\":\"2023-09-24T09:15:06+00:00\",\"dateModified\":\"2023-09-24T09:15:22+00:00\",\"breadcrumb\":{\"@id\":\"https:\/\/heroesproject.eu\/erstellen-sie-eine-beeindruckende-1-minutige-videoprasentation-fur-ihr-profil-ch\/#breadcrumb\"},\"inLanguage\":\"de-CH\",\"potentialAction\":[{\"@type\":\"ReadAction\",\"target\":[\"https:\/\/heroesproject.eu\/erstellen-sie-eine-beeindruckende-1-minutige-videoprasentation-fur-ihr-profil-ch\/\"]}]},{\"@type\":\"BreadcrumbList\",\"@id\":\"https:\/\/heroesproject.eu\/erstellen-sie-eine-beeindruckende-1-minutige-videoprasentation-fur-ihr-profil-ch\/#breadcrumb\",\"itemListElement\":[{\"@type\":\"ListItem\",\"position\":1,\"name\":\"Home\",\"item\":\"https:\/\/heroesproject.eu\/\"},{\"@type\":\"ListItem\",\"position\":2,\"name\":\"Erstellen Sie eine beeindruckende 1-min\\u00fctige Videopr\\u00e4sentation f\\u00fcr Ihr Profil\"}]}]}<\/script>\n<!-- \/ Yoast SEO plugin. -->","_links":{"self":[{"href":"https:\/\/heroesproject.eu\/ch\/wp-json\/wp\/v2\/pages\/6419"}],"collection":[{"href":"https:\/\/heroesproject.eu\/ch\/wp-json\/wp\/v2\/pages"}],"about":[{"href":"https:\/\/heroesproject.eu\/ch\/wp-json\/wp\/v2\/types\/page"}],"author":[{"embeddable":true,"href":"https:\/\/heroesproject.eu\/ch\/wp-json\/wp\/v2\/users\/3"}],"replies":[{"embeddable":true,"href":"https:\/\/heroesproject.eu\/ch\/wp-json\/wp\/v2\/comments?post=6419"}],"version-history":[{"count":1,"href":"https:\/\/heroesproject.eu\/ch\/wp-json\/wp\/v2\/pages\/6419\/revisions"}],"predecessor-version":[{"id":6420,"href":"https:\/\/heroesproject.eu\/ch\/wp-json\/wp\/v2\/pages\/6419\/revisions\/6420"}],"wp:attachment":[{"href":"https:\/\/heroesproject.eu\/ch\/wp-json\/wp\/v2\/media?parent=6419"}],"curies":[{"name":"wp","href":"https:\/\/api.w.org\/{rel}","templated":true}]}}